{"id":105,"date":"2011-05-09T10:05:51","date_gmt":"2011-05-09T10:05:51","guid":{"rendered":"http:\/\/localhost\/ehden\/?page_id=105"},"modified":"2017-04-12T19:56:54","modified_gmt":"2017-04-12T17:56:54","slug":"mezzes-chauds-a-emporter","status":"publish","type":"page","link":"https:\/\/restaurantehden.fr\/en\/traiteur\/mezzes-chauds-a-emporter\/","title":{"rendered":"Hot Mezz\u00e9s"},"content":{"rendered":"<p style=\"text-align: justify;\"><strong>Pour commander en ligne <\/strong>nos sp\u00e9cialit\u00e9s libanaises<strong>, veuillez cliquer sur le nom de l\u2019article ou sur son prix<\/strong>.<br \/>\nVeuillez cliquer sur les images pour les agrandir.<\/p>\n\t<article id=\"post-983\" class=\"wppizza-article entry-content wppizza-article-mezzes-chauds-a-emporter-1-12 wppizza-article-first post-983 wppizza type-wppizza status-publish has-post-thumbnail hentry wppizza_menu-menu-traiteur wppizza_menu-mezzes-chauds-a-emporter-1\">\n\t\t\t<h2 id=\"wppizza-article-983-95-0\" class=\"wppizza-article-title wppizza-trigger-click\">\n\t\t\tchicken wings\t\t\t\t\t<\/h2>\n\t\t\t\t\t<div class=\"wppizza-article-img\">\n\t\t\t<a href=\"https:\/\/restaurantehden.fr\/wp-content\/uploads\/2015\/05\/jawaneh_dajaj.jpg\" rel=\"wppizzaPrettyPhoto\" title=\"chicken wings\">\t\t\t<img width=\"150\" height=\"150\" src=\"https:\/\/restaurantehden.fr\/wp-content\/uploads\/2015\/05\/jawaneh_dajaj-150x150.jpg\" class=\"wppizza-article-img-thumb wp-post-image\" alt=\"Ailes de poulet libanaises marin\u00e9es servies au restaurant Ehden \u00e0 Paris\" loading=\"lazy\" title=\"chicken wings\" \/>\t\t\t<\/a>\t\t\t<\/div>\n\t\t\t<div class=\"wppizza-article-content\">\n\t\t<div id=\"wppizza-article-tiers-983\" class=\"wppizza-article-tiers\">\n\n\t   \t\n\n\t   \t\t   \t\t<span id='wppizza-983-95-0' class='wppizza-article-price  wppizza-add-to-cart'  title=\"Add to cart\">\n\t    \t\t<span>8.00 \u20ac<\/span>\n\t    \t\t\t    \t\t<div class='wppizza-article-price-lbl'>\/portion<\/div>\n\t   \t\t\t\t   \t\t<\/span>\n\t   \t\n\t   \t\t\t<\/div>\n\t\t<div class=\"wppizza-article-info\">\n\t\t<p>Chicken wings flamb\u00e9ed with garlic and lemon<\/p>\n\t\t<\/div>\n<input type=\"hidden\" id=\"wppizza-category-983\" value=\"12\" \/>\t<\/div>\n\t<\/article>\n\t<article id=\"post-981\" class=\"wppizza-article entry-content wppizza-article-mezzes-chauds-a-emporter-1-12 post-981 wppizza type-wppizza status-publish has-post-thumbnail hentry wppizza_menu-menu-traiteur wppizza_menu-mezzes-chauds-a-emporter-1\">\n\t\t\t<h2 id=\"wppizza-article-981-11-0\" class=\"wppizza-article-title wppizza-trigger-click\">\n\t\t\tSawda-chicken liver\t\t\t\t\t<\/h2>\n\t\t\t\t\t<div class=\"wppizza-article-img\">\n\t\t\t<a href=\"https:\/\/restaurantehden.fr\/wp-content\/uploads\/2015\/05\/sawdit-dajaj.jpg\" rel=\"wppizzaPrettyPhoto\" title=\"Sawda-chicken liver\">\t\t\t<img width=\"150\" height=\"150\" src=\"https:\/\/restaurantehden.fr\/wp-content\/uploads\/2015\/05\/sawdit-dajaj-150x150.jpg\" class=\"wppizza-article-img-thumb wp-post-image\" alt=\"Foies de poulet libanais saut\u00e9s servis au restaurant Ehden \u00e0 Paris\" loading=\"lazy\" title=\"Sawda-chicken liver\" \/>\t\t\t<\/a>\t\t\t<\/div>\n\t\t\t<div class=\"wppizza-article-content\">\n\t\t<div id=\"wppizza-article-tiers-981\" class=\"wppizza-article-tiers\">\n\n\t   \t\n\n\t   \t\t   \t\t<span id='wppizza-981-11-0' class='wppizza-article-price  wppizza-add-to-cart'  title=\"Add to cart\">\n\t    \t\t<span>6.50 \u20ac<\/span>\n\t    \t\t\t    \t\t<div class='wppizza-article-price-lbl'>\/ portion<\/div>\n\t   \t\t\t\t   \t\t<\/span>\n\t   \t\n\t   \t\t\t<\/div>\n\t\t<div class=\"wppizza-article-info\">\n\t\t<p>Poultry liver deglazed with pomegranate molasses<\/p>\n\t\t<\/div>\n<input type=\"hidden\" id=\"wppizza-category-981\" value=\"12\" \/>\t<\/div>\n\t<\/article>\n\t<article id=\"post-985\" class=\"wppizza-article entry-content wppizza-article-mezzes-chauds-a-emporter-1-12 post-985 wppizza type-wppizza status-publish has-post-thumbnail hentry wppizza_menu-menu-traiteur wppizza_menu-mezzes-chauds-a-emporter-1\">\n\t\t\t<h2 id=\"wppizza-article-985-41-0\" class=\"wppizza-article-title wppizza-trigger-click\">\n\t\t\tSojok\t\t\t\t\t<\/h2>\n\t\t\t\t\t<div class=\"wppizza-article-img\">\n\t\t\t<a href=\"https:\/\/restaurantehden.fr\/wp-content\/uploads\/2015\/05\/sojok.jpg\" rel=\"wppizzaPrettyPhoto\" title=\"Sojok\">\t\t\t<img width=\"150\" height=\"150\" src=\"https:\/\/restaurantehden.fr\/wp-content\/uploads\/2015\/05\/sojok-150x150.jpg\" class=\"wppizza-article-img-thumb wp-post-image\" alt=\"Sojok\" loading=\"lazy\" title=\"Sojok\" srcset=\"https:\/\/restaurantehden.fr\/wp-content\/uploads\/2015\/05\/sojok-150x150.jpg 150w, https:\/\/restaurantehden.fr\/wp-content\/uploads\/2015\/05\/sojok-300x300.jpg 300w, https:\/\/restaurantehden.fr\/wp-content\/uploads\/2015\/05\/sojok.jpg 400w\" sizes=\"(max-width: 150px) 100vw, 150px\" \/>\t\t\t<\/a>\t\t\t<\/div>\n\t\t\t<div class=\"wppizza-article-content\">\n\t\t<div id=\"wppizza-article-tiers-985\" class=\"wppizza-article-tiers\">\n\n\t   \t\n\n\t   \t\t   \t\t<span id='wppizza-985-41-0' class='wppizza-article-price  wppizza-add-to-cart'  title=\"Add to cart\">\n\t    \t\t<span>8.50 \u20ac<\/span>\n\t    \t\t\t    \t\t<div class='wppizza-article-price-lbl'><\/div>\n\t   \t\t\t\t   \t\t<\/span>\n\t   \t\n\t   \t\t\t<\/div>\n\t\t<div class=\"wppizza-article-info\">\n\t\t<p>Spicy beef sausages<\/p>\n\t\t<\/div>\n<input type=\"hidden\" id=\"wppizza-category-985\" value=\"12\" \/>\t<\/div>\n\t<\/article>\n\t<article id=\"post-1002\" class=\"wppizza-article entry-content wppizza-article-mezzes-chauds-a-emporter-1-12 post-1002 wppizza type-wppizza status-publish has-post-thumbnail hentry wppizza_menu-menu-traiteur wppizza_menu-mezzes-chauds-a-emporter-1\">\n\t\t\t<h2 id=\"wppizza-article-1002-68-0\" class=\"wppizza-article-title wppizza-trigger-click\">\n\t\t\tMakanek\t\t\t\t\t<\/h2>\n\t\t\t\t\t<div class=\"wppizza-article-img\">\n\t\t\t<a href=\"https:\/\/restaurantehden.fr\/wp-content\/uploads\/2015\/05\/makanek.jpg\" rel=\"wppizzaPrettyPhoto\" title=\"Makanek\">\t\t\t<img width=\"150\" height=\"150\" src=\"https:\/\/restaurantehden.fr\/wp-content\/uploads\/2015\/05\/makanek-150x150.jpg\" class=\"wppizza-article-img-thumb wp-post-image\" alt=\"Makanek libanais traditionnel servi au restaurant Ehden \u00e0 Paris\" loading=\"lazy\" title=\"Makanek\" \/>\t\t\t<\/a>\t\t\t<\/div>\n\t\t\t<div class=\"wppizza-article-content\">\n\t\t<div id=\"wppizza-article-tiers-1002\" class=\"wppizza-article-tiers\">\n\n\t   \t\n\n\t   \t\t   \t\t<span id='wppizza-1002-68-0' class='wppizza-article-price  wppizza-add-to-cart'  title=\"Add to cart\">\n\t    \t\t<span>12.00 \u20ac<\/span>\n\t    \t\t\t    \t\t<div class='wppizza-article-price-lbl'>\/portion <\/div>\n\t   \t\t\t\t   \t\t<\/span>\n\t   \t\n\t   \t\t\t<\/div>\n\t\t<div class=\"wppizza-article-info\">\n\t\t<p>pan-fried small lamb, sausages, deglazed with lemon<\/p>\n\t\t<\/div>\n<input type=\"hidden\" id=\"wppizza-category-1002\" value=\"12\" \/>\t<\/div>\n\t<\/article>\n\t<article id=\"post-1003\" class=\"wppizza-article entry-content wppizza-article-mezzes-chauds-a-emporter-1-12 post-1003 wppizza type-wppizza status-publish has-post-thumbnail hentry wppizza_menu-menu-traiteur wppizza_menu-mezzes-chauds-a-emporter-1\">\n\t\t\t<h2 id=\"wppizza-article-1003-95-0\" class=\"wppizza-article-title wppizza-trigger-click\">\n\t\t\tArayess\t\t\t\t\t<\/h2>\n\t\t\t\t\t<div class=\"wppizza-article-img\">\n\t\t\t<a href=\"https:\/\/restaurantehden.fr\/wp-content\/uploads\/2015\/05\/Arayess-2.jpg\" rel=\"wppizzaPrettyPhoto\" title=\"Arayess\">\t\t\t<img width=\"150\" height=\"150\" src=\"https:\/\/restaurantehden.fr\/wp-content\/uploads\/2015\/05\/Arayess-2-150x150.jpg\" class=\"wppizza-article-img-thumb wp-post-image\" alt=\"Arayess libanais grill\u00e9 farci \u00e0 la viande au restaurant Ehden \u00e0 Paris\" loading=\"lazy\" title=\"Arayess\" \/>\t\t\t<\/a>\t\t\t<\/div>\n\t\t\t<div class=\"wppizza-article-content\">\n\t\t<div id=\"wppizza-article-tiers-1003\" class=\"wppizza-article-tiers\">\n\n\t   \t\n\n\t   \t\t   \t\t<span id='wppizza-1003-95-0' class='wppizza-article-price  wppizza-add-to-cart'  title=\"Add to cart\">\n\t    \t\t<span>8.00 \u20ac<\/span>\n\t    \t\t\t    \t\t<div class='wppizza-article-price-lbl'>\/portion<\/div>\n\t   \t\t\t\t   \t\t<\/span>\n\t   \t\n\t   \t\t\t<\/div>\n\t\t<div class=\"wppizza-article-info\">\n\t\t<p>Pain libanais farci\u00a0\u00e0 la viande (b\u0153uf) hach\u00e9e et\u00a0grill\u00e9e<\/p>\n\t\t<\/div>\n<input type=\"hidden\" id=\"wppizza-category-1003\" value=\"12\" \/>\t<\/div>\n\t<\/article>\n\t<article id=\"post-1004\" class=\"wppizza-article entry-content wppizza-article-mezzes-chauds-a-emporter-1-12 post-1004 wppizza type-wppizza status-publish has-post-thumbnail hentry wppizza_menu-menu-traiteur wppizza_menu-mezzes-chauds-a-emporter-1\">\n\t\t\t<h2 id=\"wppizza-article-1004-10-0\" class=\"wppizza-article-title wppizza-trigger-click\">\n\t\t\tHommos Viande\t\t\t\t\t<\/h2>\n\t\t\t\t\t<div class=\"wppizza-article-img\">\n\t\t\t<a href=\"https:\/\/restaurantehden.fr\/wp-content\/uploads\/2015\/05\/Hommos-viande.jpg\" rel=\"wppizzaPrettyPhoto\" title=\"Hommos Viande\">\t\t\t<img width=\"150\" height=\"150\" src=\"https:\/\/restaurantehden.fr\/wp-content\/uploads\/2015\/05\/Hommos-viande-150x150.jpg\" class=\"wppizza-article-img-thumb wp-post-image\" alt=\"Houmous libanais \u00e0 la viande servi au restaurant Ehden \u00e0 Paris\" loading=\"lazy\" title=\"Hommos Viande\" \/>\t\t\t<\/a>\t\t\t<\/div>\n\t\t\t<div class=\"wppizza-article-content\">\n\t\t<div id=\"wppizza-article-tiers-1004\" class=\"wppizza-article-tiers\">\n\n\t   \t\n\n\t   \t\t   \t\t<span id='wppizza-1004-10-0' class='wppizza-article-price  wppizza-add-to-cart'  title=\"Add to cart\">\n\t    \t\t<span>8.50 \u20ac<\/span>\n\t    \t\t\t    \t\t<div class='wppizza-article-price-lbl'>\/ portion<\/div>\n\t   \t\t\t\t   \t\t<\/span>\n\t   \t\n\t   \t\t\t<\/div>\n\t\t<div class=\"wppizza-article-info\">\n\t\t<p>Pur\u00e9e de pois chiche, servie avec une po\u00eal\u00e9e de viande de b\u0153uf et pignons de pin<\/p>\n\t\t<\/div>\n<input type=\"hidden\" id=\"wppizza-category-1004\" value=\"12\" \/>\t<\/div>\n\t<\/article>\n\t<article id=\"post-1005\" class=\"wppizza-article entry-content wppizza-article-mezzes-chauds-a-emporter-1-12 post-1005 wppizza type-wppizza status-publish has-post-thumbnail hentry wppizza_menu-menu-traiteur wppizza_menu-mezzes-chauds-a-emporter-1\">\n\t\t\t<h2 id=\"wppizza-article-1005-10-0\" class=\"wppizza-article-title wppizza-trigger-click\">\n\t\t\tKellege\t\t\t\t\t<\/h2>\n\t\t\t\t\t<div class=\"wppizza-article-img\">\n\t\t\t<a href=\"https:\/\/restaurantehden.fr\/wp-content\/uploads\/2015\/05\/kellege-2.jpg\" rel=\"wppizzaPrettyPhoto\" title=\"Kellege\">\t\t\t<img width=\"150\" height=\"150\" src=\"https:\/\/restaurantehden.fr\/wp-content\/uploads\/2015\/05\/kellege-2-150x150.jpg\" class=\"wppizza-article-img-thumb wp-post-image\" alt=\"Kell\u00e9ge libanais croustillant servi au restaurant Ehden \u00e0 Paris\" loading=\"lazy\" title=\"Kellege\" srcset=\"https:\/\/restaurantehden.fr\/wp-content\/uploads\/2015\/05\/kellege-2-150x150.jpg 150w, https:\/\/restaurantehden.fr\/wp-content\/uploads\/2015\/05\/kellege-2-300x300.jpg 300w, https:\/\/restaurantehden.fr\/wp-content\/uploads\/2015\/05\/kellege-2-624x624.jpg 624w, https:\/\/restaurantehden.fr\/wp-content\/uploads\/2015\/05\/kellege-2.jpg 640w\" sizes=\"(max-width: 150px) 100vw, 150px\" \/>\t\t\t<\/a>\t\t\t<\/div>\n\t\t\t<div class=\"wppizza-article-content\">\n\t\t<div id=\"wppizza-article-tiers-1005\" class=\"wppizza-article-tiers\">\n\n\t   \t\n\n\t   \t\t   \t\t<span id='wppizza-1005-10-0' class='wppizza-article-price  wppizza-add-to-cart'  title=\"Add to cart\">\n\t    \t\t<span>8.50 \u20ac<\/span>\n\t    \t\t\t    \t\t<div class='wppizza-article-price-lbl'>\/ portion<\/div>\n\t   \t\t\t\t   \t\t<\/span>\n\t   \t\n\t   \t\t\t<\/div>\n\t\t<div class=\"wppizza-article-info\">\n\t\t<p>Lebanese bread stuffed with cheese<\/p>\n\t\t<\/div>\n<input type=\"hidden\" id=\"wppizza-category-1005\" value=\"12\" \/>\t<\/div>\n\t<\/article>\n\t<article id=\"post-1572\" class=\"wppizza-article entry-content wppizza-article-mezzes-chauds-a-emporter-1-12 post-1572 wppizza type-wppizza status-publish hentry wppizza_menu-assiettes-midi-a-emporter wppizza_menu-formules-mezzes wppizza_menu-formules-plats-a-emporter wppizza_menu-les-grillades wppizza_menu-menu-traiteur wppizza_menu-mezzes-chauds-a-emporter-1\">\n\t\t\t<h2 id=\"wppizza-article-1572-38-0\" class=\"wppizza-article-title wppizza-trigger-click\">\n\t\t\tSuppl\u00e9ment\/ portion du bl\u00e9\t\t\t\t\t<\/h2>\n\t\t\t<div class=\"wppizza-article-content\">\n\t\t<div id=\"wppizza-article-tiers-1572\" class=\"wppizza-article-tiers\">\n\n\t   \t\n\n\t   \t\t   \t\t<span id='wppizza-1572-38-0' class='wppizza-article-price  wppizza-add-to-cart'  title=\"Add to cart\">\n\t    \t\t<span>4.00 \u20ac<\/span>\n\t    \t\t\t    \t\t<div class='wppizza-article-price-lbl'><\/div>\n\t   \t\t\t\t   \t\t<\/span>\n\t   \t\n\t   \t\t\t<\/div>\n\t\t<div class=\"wppizza-article-info\">\n\t\t\t\t<\/div>\n<input type=\"hidden\" id=\"wppizza-category-1572\" value=\"12\" \/>\t<\/div>\n\t<\/article>\n\t<article id=\"post-1573\" class=\"wppizza-article entry-content wppizza-article-mezzes-chauds-a-emporter-1-12 wppizza-article-last post-1573 wppizza type-wppizza status-publish hentry wppizza_menu-assiettes-midi-a-emporter wppizza_menu-formules-mezzes wppizza_menu-formules-plats-a-emporter wppizza_menu-les-grillades wppizza_menu-menu-traiteur wppizza_menu-mezzes-chauds-a-emporter-1\">\n\t\t\t<h2 id=\"wppizza-article-1573-38-0\" class=\"wppizza-article-title wppizza-trigger-click\">\n\t\t\tPortion de riz\t\t\t\t\t<\/h2>\n\t\t\t<div class=\"wppizza-article-content\">\n\t\t<div id=\"wppizza-article-tiers-1573\" class=\"wppizza-article-tiers\">\n\n\t   \t\n\n\t   \t\t   \t\t<span id='wppizza-1573-38-0' class='wppizza-article-price  wppizza-add-to-cart'  title=\"Add to cart\">\n\t    \t\t<span>4.00 \u20ac<\/span>\n\t    \t\t\t    \t\t<div class='wppizza-article-price-lbl'><\/div>\n\t   \t\t\t\t   \t\t<\/span>\n\t   \t\n\t   \t\t\t<\/div>\n\t\t<div class=\"wppizza-article-info\">\n\t\t\t\t<\/div>\n<input type=\"hidden\" id=\"wppizza-category-1573\" value=\"12\" \/>\t<\/div>\n\t<\/article>","protected":false},"excerpt":{"rendered":"<p>Pour commander en ligne nos sp\u00e9cialit\u00e9s libanaises, veuillez cliquer sur le nom de l\u2019article ou sur son prix. Veuillez cliquer sur les images pour les agrandir.<\/p>","protected":false},"author":2,"featured_media":0,"parent":26,"menu_order":0,"comment_status":"closed","ping_status":"open","template":"","meta":[],"aioseo_notices":[],"_links":{"self":[{"href":"https:\/\/restaurantehden.fr\/en\/wp-json\/wp\/v2\/pages\/105"}],"collection":[{"href":"https:\/\/restaurantehden.fr\/en\/wp-json\/wp\/v2\/pages"}],"about":[{"href":"https:\/\/restaurantehden.fr\/en\/wp-json\/wp\/v2\/types\/page"}],"author":[{"embeddable":true,"href":"https:\/\/restaurantehden.fr\/en\/wp-json\/wp\/v2\/users\/2"}],"replies":[{"embeddable":true,"href":"https:\/\/restaurantehden.fr\/en\/wp-json\/wp\/v2\/comments?post=105"}],"version-history":[{"count":3,"href":"https:\/\/restaurantehden.fr\/en\/wp-json\/wp\/v2\/pages\/105\/revisions"}],"predecessor-version":[{"id":1542,"href":"https:\/\/restaurantehden.fr\/en\/wp-json\/wp\/v2\/pages\/105\/revisions\/1542"}],"up":[{"embeddable":true,"href":"https:\/\/restaurantehden.fr\/en\/wp-json\/wp\/v2\/pages\/26"}],"wp:attachment":[{"href":"https:\/\/restaurantehden.fr\/en\/wp-json\/wp\/v2\/media?parent=105"}],"curies":[{"name":"wp","href":"https:\/\/api.w.org\/{rel}","templated":true}]}}