{"id":108,"date":"2011-05-09T10:07:32","date_gmt":"2011-05-09T10:07:32","guid":{"rendered":"http:\/\/localhost\/ehden\/?page_id=108"},"modified":"2018-11-08T18:40:54","modified_gmt":"2018-11-08T17:40:54","slug":"les-grillades","status":"publish","type":"page","link":"https:\/\/restaurantehden.fr\/en\/traiteur\/les-grillades\/","title":{"rendered":"Les grillades"},"content":{"rendered":"<p style=\"text-align: justify;\">Pour commander en ligne nos sp\u00e9cialit\u00e9s libanaises, veuillez cliquer sur le nom de l\u2019article ou sur son prix.<\/p>\n\t<article id=\"post-1432\" class=\"wppizza-article entry-content wppizza-article-les-grillades-14 wppizza-article-first post-1432 wppizza type-wppizza status-publish has-post-thumbnail hentry wppizza_menu-les-grillades wppizza_menu-menu-traiteur\">\n\t\t\t<h2 id=\"wppizza-article-1432-96-0\" class=\"wppizza-article-title wppizza-trigger-click\">\n\t\t\tLamb chops\t\t\t\t\t<\/h2>\n\t\t\t\t\t<div class=\"wppizza-article-img\">\n\t\t\t<a href=\"https:\/\/restaurantehden.fr\/wp-content\/uploads\/2011\/05\/COTELETTES-DAGNEAU-e1435407988995.jpg\" rel=\"wppizzaPrettyPhoto\" title=\"C\u00f4telettes d&rsquo;Agneau\">\t\t\t<img width=\"150\" height=\"150\" src=\"https:\/\/restaurantehden.fr\/wp-content\/uploads\/2011\/05\/COTELETTES-DAGNEAU-150x150.jpg\" class=\"wppizza-article-img-thumb wp-post-image\" alt=\"\" loading=\"lazy\" title=\"C\u00f4telettes d&rsquo;Agneau\" \/>\t\t\t<\/a>\t\t\t<\/div>\n\t\t\t<div class=\"wppizza-article-content\">\n\t\t<div id=\"wppizza-article-tiers-1432\" class=\"wppizza-article-tiers\">\n\n\t   \t\n\n\t   \t\t   \t\t<span id='wppizza-1432-96-0' class='wppizza-article-price  wppizza-add-to-cart'  title=\"Add to cart\">\n\t    \t\t<span>24.00 \u20ac<\/span>\n\t    \t\t\t    \t\t<div class='wppizza-article-price-lbl'><\/div>\n\t   \t\t\t\t   \t\t<\/span>\n\t   \t\n\t   \t\t\t<\/div>\n\t\t<div class=\"wppizza-article-info\">\n\t\t<p>4 lamb chops served with tabbouleh, hummus, potatoes &amp; bread.<\/p>\n\t\t<\/div>\n<input type=\"hidden\" id=\"wppizza-category-1432\" value=\"14\" \/>\t<\/div>\n\t<\/article>\n\t<article id=\"post-1079\" class=\"wppizza-article entry-content wppizza-article-les-grillades-14 post-1079 wppizza type-wppizza status-publish has-post-thumbnail hentry wppizza_menu-les-grillades wppizza_menu-menu-traiteur\">\n\t\t\t<h2 id=\"wppizza-article-1079-107-0\" class=\"wppizza-article-title wppizza-trigger-click\">\n\t\t\tshawarma beef\t\t\t\t\t<\/h2>\n\t\t\t\t\t<div class=\"wppizza-article-img\">\n\t\t\t<a href=\"https:\/\/restaurantehden.fr\/wp-content\/uploads\/2015\/05\/CHAWARMA-BOEUF-e1435410606754.jpg\" rel=\"wppizzaPrettyPhoto\" title=\"shawarma beef\">\t\t\t<img width=\"150\" height=\"150\" src=\"https:\/\/restaurantehden.fr\/wp-content\/uploads\/2015\/05\/CHAWARMA-BOEUF-150x150.jpg\" class=\"wppizza-article-img-thumb wp-post-image\" alt=\"\" loading=\"lazy\" title=\"shawarma beef\" \/>\t\t\t<\/a>\t\t\t<\/div>\n\t\t\t<div class=\"wppizza-article-content\">\n\t\t<div id=\"wppizza-article-tiers-1079\" class=\"wppizza-article-tiers\">\n\n\t   \t\n\n\t   \t\t   \t\t<span id='wppizza-1079-107-0' class='wppizza-article-price  wppizza-add-to-cart'  title=\"Add to cart\">\n\t    \t\t<span>22.50 \u20ac<\/span>\n\t    \t\t\t    \t\t<div class='wppizza-article-price-lbl'><\/div>\n\t   \t\t\t\t   \t\t<\/span>\n\t   \t\n\t   \t\t\t<\/div>\n\t\t<div class=\"wppizza-article-info\">\n\t\t<p>sliced beef, slow-cooked over low heat, served with hummus, tabbouleh, rice, bulgur or potatoes<\/p>\n\t\t<\/div>\n<input type=\"hidden\" id=\"wppizza-category-1079\" value=\"14\" \/>\t<\/div>\n\t<\/article>\n\t<article id=\"post-1080\" class=\"wppizza-article entry-content wppizza-article-les-grillades-14 post-1080 wppizza type-wppizza status-publish has-post-thumbnail hentry wppizza_menu-les-grillades wppizza_menu-menu-traiteur\">\n\t\t\t<h2 id=\"wppizza-article-1080-101-0\" class=\"wppizza-article-title wppizza-trigger-click\">\n\t\t\tshawarma chicken dish\t\t\t\t\t<\/h2>\n\t\t\t\t\t<div class=\"wppizza-article-img\">\n\t\t\t<a href=\"https:\/\/restaurantehden.fr\/wp-content\/uploads\/2015\/05\/CHAWARMA-POULET-e1435408077383.jpg\" rel=\"wppizzaPrettyPhoto\" title=\"shawarma chicken dish\">\t\t\t<img width=\"150\" height=\"150\" src=\"https:\/\/restaurantehden.fr\/wp-content\/uploads\/2015\/05\/CHAWARMA-POULET-150x150.jpg\" class=\"wppizza-article-img-thumb wp-post-image\" alt=\"\" loading=\"lazy\" title=\"shawarma chicken dish\" \/>\t\t\t<\/a>\t\t\t<\/div>\n\t\t\t<div class=\"wppizza-article-content\">\n\t\t<div id=\"wppizza-article-tiers-1080\" class=\"wppizza-article-tiers\">\n\n\t   \t\n\n\t   \t\t   \t\t<span id='wppizza-1080-101-0' class='wppizza-article-price  wppizza-add-to-cart'  title=\"Add to cart\">\n\t    \t\t<span>20.00 \u20ac<\/span>\n\t    \t\t\t    \t\t<div class='wppizza-article-price-lbl'><\/div>\n\t   \t\t\t\t   \t\t<\/span>\n\t   \t\n\t   \t\t\t<\/div>\n\t\t<div class=\"wppizza-article-info\">\n\t\t<p>sliced chicken, slow braised over low heat, served with eggplant caviar, rice and bread<\/p>\n\t\t<\/div>\n<input type=\"hidden\" id=\"wppizza-category-1080\" value=\"14\" \/>\t<\/div>\n\t<\/article>\n\t<article id=\"post-1081\" class=\"wppizza-article entry-content wppizza-article-les-grillades-14 post-1081 wppizza type-wppizza status-publish has-post-thumbnail hentry wppizza_menu-les-grillades wppizza_menu-menu-traiteur\">\n\t\t\t<h2 id=\"wppizza-article-1081-64-0\" class=\"wppizza-article-title wppizza-trigger-click\">\n\t\t\tChiche taouk\t\t\t\t\t<\/h2>\n\t\t\t\t\t<div class=\"wppizza-article-img\">\n\t\t\t<a href=\"https:\/\/restaurantehden.fr\/wp-content\/uploads\/2015\/05\/Taouk1-e1436039599460.jpg\" rel=\"wppizzaPrettyPhoto\" title=\"Chiche taouk\">\t\t\t<img width=\"150\" height=\"150\" src=\"https:\/\/restaurantehden.fr\/wp-content\/uploads\/2015\/05\/Taouk1-150x150.jpg\" class=\"wppizza-article-img-thumb wp-post-image\" alt=\"Chiche taouk libanais marin\u00e9 et grill\u00e9 servi au restaurant Ehden \u00e0 Paris\" loading=\"lazy\" title=\"Chiche taouk\" \/>\t\t\t<\/a>\t\t\t<\/div>\n\t\t\t<div class=\"wppizza-article-content\">\n\t\t<div id=\"wppizza-article-tiers-1081\" class=\"wppizza-article-tiers\">\n\n\t   \t\n\n\t   \t\t   \t\t<span id='wppizza-1081-64-0' class='wppizza-article-price  wppizza-add-to-cart'  title=\"Add to cart\">\n\t    \t\t<span>18.50 \u20ac<\/span>\n\t    \t\t\t    \t\t<div class='wppizza-article-price-lbl'><\/div>\n\t   \t\t\t\t   \t\t<\/span>\n\t   \t\n\t   \t\t\t<\/div>\n\t\t<div class=\"wppizza-article-info\">\n\t\t<p>marinated chicken skewers, served with eggplant caviar, tabbouleh, rice and bread<\/p>\n\t\t<\/div>\n<input type=\"hidden\" id=\"wppizza-category-1081\" value=\"14\" \/>\t<\/div>\n\t<\/article>\n\t<article id=\"post-1082\" class=\"wppizza-article entry-content wppizza-article-les-grillades-14 post-1082 wppizza type-wppizza status-publish has-post-thumbnail hentry wppizza_menu-les-grillades wppizza_menu-menu-traiteur\">\n\t\t\t<h2 id=\"wppizza-article-1082-64-0\" class=\"wppizza-article-title wppizza-trigger-click\">\n\t\t\tKafta\t\t\t\t\t<\/h2>\n\t\t\t\t\t<div class=\"wppizza-article-img\">\n\t\t\t<a href=\"https:\/\/restaurantehden.fr\/wp-content\/uploads\/2025\/12\/IMG_8952.jpeg\" rel=\"wppizzaPrettyPhoto\" title=\"Kafta\">\t\t\t<img width=\"150\" height=\"150\" src=\"https:\/\/restaurantehden.fr\/wp-content\/uploads\/2025\/12\/IMG_8952-150x150.jpeg\" class=\"wppizza-article-img-thumb wp-post-image\" alt=\"\" loading=\"lazy\" title=\"Kafta\" \/>\t\t\t<\/a>\t\t\t<\/div>\n\t\t\t<div class=\"wppizza-article-content\">\n\t\t<div id=\"wppizza-article-tiers-1082\" class=\"wppizza-article-tiers\">\n\n\t   \t\n\n\t   \t\t   \t\t<span id='wppizza-1082-64-0' class='wppizza-article-price  wppizza-add-to-cart'  title=\"Add to cart\">\n\t    \t\t<span>18.50 \u20ac<\/span>\n\t    \t\t\t    \t\t<div class='wppizza-article-price-lbl'><\/div>\n\t   \t\t\t\t   \t\t<\/span>\n\t   \t\n\t   \t\t\t<\/div>\n\t\t<div class=\"wppizza-article-info\">\n\t\t<p>Duo de b\u0153uf hach\u00e9, grill\u00e9 servi avec hommous, taboul\u00e9 , riz ou bl\u00e9 et du pain<\/p>\n\t\t<\/div>\n<input type=\"hidden\" id=\"wppizza-category-1082\" value=\"14\" \/>\t<\/div>\n\t<\/article>\n\t<article id=\"post-1083\" class=\"wppizza-article entry-content wppizza-article-les-grillades-14 post-1083 wppizza type-wppizza status-publish has-post-thumbnail hentry wppizza_menu-les-grillades wppizza_menu-menu-traiteur\">\n\t\t\t<h2 id=\"wppizza-article-1083-100-0\" class=\"wppizza-article-title wppizza-trigger-click\">\n\t\t\tBrochettes d\u2019agneau\t\t\t\t\t<\/h2>\n\t\t\t\t\t<div class=\"wppizza-article-img\">\n\t\t\t<a href=\"https:\/\/restaurantehden.fr\/wp-content\/uploads\/2015\/05\/Brochettes-dAgneau-e1436038674193.jpg\" rel=\"wppizzaPrettyPhoto\" title=\"Brochettes d\u2019agneau\">\t\t\t<img width=\"150\" height=\"150\" src=\"https:\/\/restaurantehden.fr\/wp-content\/uploads\/2015\/05\/Brochettes-dAgneau-150x150.jpg\" class=\"wppizza-article-img-thumb wp-post-image\" alt=\"Brochettes d\u2019agneau libanaises grill\u00e9es au restaurant Ehden \u00e0 Paris\" loading=\"lazy\" title=\"Brochettes d\u2019agneau\" \/>\t\t\t<\/a>\t\t\t<\/div>\n\t\t\t<div class=\"wppizza-article-content\">\n\t\t<div id=\"wppizza-article-tiers-1083\" class=\"wppizza-article-tiers\">\n\n\t   \t\n\n\t   \t\t   \t\t<span id='wppizza-1083-100-0' class='wppizza-article-price  wppizza-add-to-cart'  title=\"Add to cart\">\n\t    \t\t<span>22.00 \u20ac<\/span>\n\t    \t\t\t    \t\t<div class='wppizza-article-price-lbl'><\/div>\n\t   \t\t\t\t   \t\t<\/span>\n\t   \t\n\t   \t\t\t<\/div>\n\t\t<div class=\"wppizza-article-info\">\n\t\t<p>Brochettes de gigot d\u2019agneau grill\u00e9es servis avec taboul\u00e9, hommos ; pain<\/p>\n\t\t<\/div>\n<input type=\"hidden\" id=\"wppizza-category-1083\" value=\"14\" \/>\t<\/div>\n\t<\/article>\n\t<article id=\"post-1084\" class=\"wppizza-article entry-content wppizza-article-les-grillades-14 post-1084 wppizza type-wppizza status-publish has-post-thumbnail hentry wppizza_menu-les-grillades wppizza_menu-menu-traiteur\">\n\t\t\t<h2 id=\"wppizza-article-1084-32-0\" class=\"wppizza-article-title wppizza-trigger-click\">\n\t\t\tMash\u00e9w\u00e9\t\t\t\t\t<\/h2>\n\t\t\t\t\t<div class=\"wppizza-article-img\">\n\t\t\t<a href=\"https:\/\/restaurantehden.fr\/wp-content\/uploads\/2015\/05\/Mashew\u00e9-e1435607917776.jpg\" rel=\"wppizzaPrettyPhoto\" title=\"Mash\u00e9w\u00e9\">\t\t\t<img width=\"150\" height=\"150\" src=\"https:\/\/restaurantehden.fr\/wp-content\/uploads\/2015\/05\/Mashew\u00e9-150x150.jpg\" class=\"wppizza-article-img-thumb wp-post-image\" alt=\"Mashew\u00e9 libanais traditionnel servi au restaurant Ehden \u00e0 Paris\" loading=\"lazy\" title=\"Mash\u00e9w\u00e9\" \/>\t\t\t<\/a>\t\t\t<\/div>\n\t\t\t<div class=\"wppizza-article-content\">\n\t\t<div id=\"wppizza-article-tiers-1084\" class=\"wppizza-article-tiers\">\n\n\t   \t\n\n\t   \t\t   \t\t<span id='wppizza-1084-32-0' class='wppizza-article-price  wppizza-add-to-cart'  title=\"Add to cart\">\n\t    \t\t<span>22.50 \u20ac<\/span>\n\t    \t\t\t    \t\t<div class='wppizza-article-price-lbl'><\/div>\n\t   \t\t\t\t   \t\t<\/span>\n\t   \t\n\t   \t\t\t<\/div>\n\t\t<div class=\"wppizza-article-info\">\n\t\t<p>Trio de grillades mixtes (kafta, taouk, agneau) avec hommos, moutabal, taboul\u00e9, riz ou bl\u00e9 et du pain<\/p>\n\t\t<\/div>\n<input type=\"hidden\" id=\"wppizza-category-1084\" value=\"14\" \/>\t<\/div>\n\t<\/article>\n\t<article id=\"post-1570\" class=\"wppizza-article entry-content wppizza-article-les-grillades-14 post-1570 wppizza type-wppizza status-publish hentry wppizza_menu-formules-plats-a-emporter wppizza_menu-les-grillades wppizza_menu-menu-traiteur\">\n\t\t\t<h2 id=\"wppizza-article-1570-92-0\" class=\"wppizza-article-title wppizza-trigger-click\">\n\t\t\tSuppl\u00e9ment \/portion frites\t\t\t\t\t<\/h2>\n\t\t\t<div class=\"wppizza-article-content\">\n\t\t<div id=\"wppizza-article-tiers-1570\" class=\"wppizza-article-tiers\">\n\n\t   \t\n\n\t   \t\t   \t\t<span id='wppizza-1570-92-0' class='wppizza-article-price  wppizza-add-to-cart'  title=\"Add to cart\">\n\t    \t\t<span>4.50 \u20ac<\/span>\n\t    \t\t\t    \t\t<div class='wppizza-article-price-lbl'><\/div>\n\t   \t\t\t\t   \t\t<\/span>\n\t   \t\n\t   \t\t\t<\/div>\n\t\t<div class=\"wppizza-article-info\">\n\t\t\t\t<\/div>\n<input type=\"hidden\" id=\"wppizza-category-1570\" value=\"14\" \/>\t<\/div>\n\t<\/article>\n\t<article id=\"post-1572\" class=\"wppizza-article entry-content wppizza-article-les-grillades-14 post-1572 wppizza type-wppizza status-publish hentry wppizza_menu-assiettes-midi-a-emporter wppizza_menu-formules-mezzes wppizza_menu-formules-plats-a-emporter wppizza_menu-les-grillades wppizza_menu-menu-traiteur wppizza_menu-mezzes-chauds-a-emporter-1\">\n\t\t\t<h2 id=\"wppizza-article-1572-38-0\" class=\"wppizza-article-title wppizza-trigger-click\">\n\t\t\tSuppl\u00e9ment\/ portion du bl\u00e9\t\t\t\t\t<\/h2>\n\t\t\t<div class=\"wppizza-article-content\">\n\t\t<div id=\"wppizza-article-tiers-1572\" class=\"wppizza-article-tiers\">\n\n\t   \t\n\n\t   \t\t   \t\t<span id='wppizza-1572-38-0' class='wppizza-article-price  wppizza-add-to-cart'  title=\"Add to cart\">\n\t    \t\t<span>4.00 \u20ac<\/span>\n\t    \t\t\t    \t\t<div class='wppizza-article-price-lbl'><\/div>\n\t   \t\t\t\t   \t\t<\/span>\n\t   \t\n\t   \t\t\t<\/div>\n\t\t<div class=\"wppizza-article-info\">\n\t\t\t\t<\/div>\n<input type=\"hidden\" id=\"wppizza-category-1572\" value=\"14\" \/>\t<\/div>\n\t<\/article>\n\t<article id=\"post-1573\" class=\"wppizza-article entry-content wppizza-article-les-grillades-14 wppizza-article-last post-1573 wppizza type-wppizza status-publish hentry wppizza_menu-assiettes-midi-a-emporter wppizza_menu-formules-mezzes wppizza_menu-formules-plats-a-emporter wppizza_menu-les-grillades wppizza_menu-menu-traiteur wppizza_menu-mezzes-chauds-a-emporter-1\">\n\t\t\t<h2 id=\"wppizza-article-1573-38-0\" class=\"wppizza-article-title wppizza-trigger-click\">\n\t\t\tPortion de riz\t\t\t\t\t<\/h2>\n\t\t\t<div class=\"wppizza-article-content\">\n\t\t<div id=\"wppizza-article-tiers-1573\" class=\"wppizza-article-tiers\">\n\n\t   \t\n\n\t   \t\t   \t\t<span id='wppizza-1573-38-0' class='wppizza-article-price  wppizza-add-to-cart'  title=\"Add to cart\">\n\t    \t\t<span>4.00 \u20ac<\/span>\n\t    \t\t\t    \t\t<div class='wppizza-article-price-lbl'><\/div>\n\t   \t\t\t\t   \t\t<\/span>\n\t   \t\n\t   \t\t\t<\/div>\n\t\t<div class=\"wppizza-article-info\">\n\t\t\t\t<\/div>\n<input type=\"hidden\" id=\"wppizza-category-1573\" value=\"14\" \/>\t<\/div>\n\t<\/article>","protected":false},"excerpt":{"rendered":"<p>Pour commander en ligne nos sp\u00e9cialit\u00e9s libanaises, veuillez cliquer sur le nom de l\u2019article ou sur son prix.<\/p>","protected":false},"author":2,"featured_media":0,"parent":26,"menu_order":0,"comment_status":"closed","ping_status":"open","template":"","meta":[],"aioseo_notices":[],"_links":{"self":[{"href":"https:\/\/restaurantehden.fr\/en\/wp-json\/wp\/v2\/pages\/108"}],"collection":[{"href":"https:\/\/restaurantehden.fr\/en\/wp-json\/wp\/v2\/pages"}],"about":[{"href":"https:\/\/restaurantehden.fr\/en\/wp-json\/wp\/v2\/types\/page"}],"author":[{"embeddable":true,"href":"https:\/\/restaurantehden.fr\/en\/wp-json\/wp\/v2\/users\/2"}],"replies":[{"embeddable":true,"href":"https:\/\/restaurantehden.fr\/en\/wp-json\/wp\/v2\/comments?post=108"}],"version-history":[{"count":2,"href":"https:\/\/restaurantehden.fr\/en\/wp-json\/wp\/v2\/pages\/108\/revisions"}],"predecessor-version":[{"id":1700,"href":"https:\/\/restaurantehden.fr\/en\/wp-json\/wp\/v2\/pages\/108\/revisions\/1700"}],"up":[{"embeddable":true,"href":"https:\/\/restaurantehden.fr\/en\/wp-json\/wp\/v2\/pages\/26"}],"wp:attachment":[{"href":"https:\/\/restaurantehden.fr\/en\/wp-json\/wp\/v2\/media?parent=108"}],"curies":[{"name":"wp","href":"https:\/\/api.w.org\/{rel}","templated":true}]}}