{"id":110,"date":"2011-05-09T10:08:40","date_gmt":"2011-05-09T10:08:40","guid":{"rendered":"http:\/\/localhost\/ehden\/?page_id=110"},"modified":"2017-04-12T20:02:41","modified_gmt":"2017-04-12T18:02:41","slug":"desserts-et-boissons","status":"publish","type":"page","link":"https:\/\/restaurantehden.fr\/en\/traiteur\/desserts-et-boissons\/","title":{"rendered":"Desserts"},"content":{"rendered":"<p style=\"text-align: justify;\">Pour commander en ligne nos sp\u00e9cialit\u00e9s libanaises, veuillez cliquer sur le nom de l\u2019article ou sur son prix.<\/p>\n\t<article id=\"post-1090\" class=\"wppizza-article entry-content wppizza-article-desserts-16 wppizza-article-first post-1090 wppizza type-wppizza status-publish has-post-thumbnail hentry wppizza_menu-desserts wppizza_menu-menu-traiteur\">\n\t\t\t<h2 id=\"wppizza-article-1090-80-0\" class=\"wppizza-article-title wppizza-trigger-click\">\n\t\t\tBaklawa\t\t\t\t\t<\/h2>\n\t\t\t\t\t<div class=\"wppizza-article-img\">\n\t\t\t<a href=\"https:\/\/restaurantehden.fr\/wp-content\/uploads\/2015\/05\/baklawa-e1435594636485.jpg\" rel=\"wppizzaPrettyPhoto\" title=\"Baklawa\">\t\t\t<img width=\"150\" height=\"150\" src=\"https:\/\/restaurantehden.fr\/wp-content\/uploads\/2015\/05\/baklawa-150x150.jpg\" class=\"wppizza-article-img-thumb wp-post-image\" alt=\"P\u00e2tisserie libanaise traditionnelle aux amendes et pistaches servie au restaurant Ehden \u00e0 Paris\" loading=\"lazy\" title=\"Baklawa\" \/>\t\t\t<\/a>\t\t\t<\/div>\n\t\t\t<div class=\"wppizza-article-content\">\n\t\t<div id=\"wppizza-article-tiers-1090\" class=\"wppizza-article-tiers\">\n\n\t   \t\n\n\t   \t\t   \t\t<span id='wppizza-1090-80-0' class='wppizza-article-price  wppizza-add-to-cart'  title=\"Add to cart\">\n\t    \t\t<span>2.00 \u20ac<\/span>\n\t    \t\t\t    \t\t<div class='wppizza-article-price-lbl'><\/div>\n\t   \t\t\t\t   \t\t<\/span>\n\t   \t\n\t   \t\t\t<\/div>\n\t\t<div class=\"wppizza-article-info\">\n\t\t<p>Lebanese pastries with pistachios &amp; almonds<\/p>\n\t\t<\/div>\n<input type=\"hidden\" id=\"wppizza-category-1090\" value=\"16\" \/>\t<\/div>\n\t<\/article>\n\t<article id=\"post-1091\" class=\"wppizza-article entry-content wppizza-article-desserts-16 post-1091 wppizza type-wppizza status-publish has-post-thumbnail hentry wppizza_menu-desserts wppizza_menu-menu-traiteur\">\n\t\t\t<h2 id=\"wppizza-article-1091-82-0\" class=\"wppizza-article-title wppizza-trigger-click\">\n\t\t\tNamoura\t\t\t\t\t<\/h2>\n\t\t\t\t\t<div class=\"wppizza-article-img\">\n\t\t\t<a href=\"https:\/\/restaurantehden.fr\/wp-content\/uploads\/2015\/05\/namoura-e1435594763538.jpg\" rel=\"wppizzaPrettyPhoto\" title=\"Namoura\">\t\t\t<img width=\"150\" height=\"150\" src=\"https:\/\/restaurantehden.fr\/wp-content\/uploads\/2015\/05\/namoura-150x150.jpg\" class=\"wppizza-article-img-thumb wp-post-image\" alt=\"Namoura libanaise traditionnelle \u00e0 la semoule servie au restaurant Ehden \u00e0 Paris\" loading=\"lazy\" title=\"Namoura\" \/>\t\t\t<\/a>\t\t\t<\/div>\n\t\t\t<div class=\"wppizza-article-content\">\n\t\t<div id=\"wppizza-article-tiers-1091\" class=\"wppizza-article-tiers\">\n\n\t   \t\n\n\t   \t\t   \t\t<span id='wppizza-1091-82-0' class='wppizza-article-price  wppizza-add-to-cart'  title=\"Add to cart\">\n\t    \t\t<span>1.50 \u20ac<\/span>\n\t    \t\t\t    \t\t<div class='wppizza-article-price-lbl'>Pi\u00e8ce<\/div>\n\t   \t\t\t\t   \t\t<\/span>\n\t   \t\n\t   \t\t\t<\/div>\n\t\t<div class=\"wppizza-article-info\">\n\t\t<p>Almond Namoura: semolina cake with honey<\/p>\n\t\t<\/div>\n<input type=\"hidden\" id=\"wppizza-category-1091\" value=\"16\" \/>\t<\/div>\n\t<\/article>\n\t<article id=\"post-1093\" class=\"wppizza-article entry-content wppizza-article-desserts-16 post-1093 wppizza type-wppizza status-publish hentry wppizza_menu-desserts wppizza_menu-menu-traiteur\">\n\t\t\t<h2 id=\"wppizza-article-1093-24-0\" class=\"wppizza-article-title wppizza-trigger-click\">\n\t\t\tLoukoum\t\t\t\t\t<\/h2>\n\t\t\t<div class=\"wppizza-article-content\">\n\t\t<div id=\"wppizza-article-tiers-1093\" class=\"wppizza-article-tiers\">\n\n\t   \t\n\n\t   \t\t   \t\t<span id='wppizza-1093-24-0' class='wppizza-article-price  wppizza-add-to-cart'  title=\"Add to cart\">\n\t    \t\t<span>1.50 \u20ac<\/span>\n\t    \t\t\t    \t\t<div class='wppizza-article-price-lbl'>\/ piece<\/div>\n\t   \t\t\t\t   \t\t<\/span>\n\t   \t\n\t   \t\t\t<\/div>\n\t\t<div class=\"wppizza-article-info\">\n\t\t<p>Loukoum aux pistaches (1 pi\u00e8ce) : p\u00e2te \u00e0 base d\u2019amidon et de sucre aromatis\u00e9.<\/p>\n\t\t<\/div>\n<input type=\"hidden\" id=\"wppizza-category-1093\" value=\"16\" \/>\t<\/div>\n\t<\/article>\n\t<article id=\"post-1094\" class=\"wppizza-article entry-content wppizza-article-desserts-16 wppizza-article-last post-1094 wppizza type-wppizza status-publish hentry wppizza_menu-desserts wppizza_menu-menu-traiteur\">\n\t\t\t<h2 id=\"wppizza-article-1094-7-0\" class=\"wppizza-article-title wppizza-trigger-click\">\n\t\t\tMouhalabieh\t\t\t\t\t<\/h2>\n\t\t\t<div class=\"wppizza-article-content\">\n\t\t<div id=\"wppizza-article-tiers-1094\" class=\"wppizza-article-tiers\">\n\n\t   \t\n\n\t   \t\t   \t\t<span id='wppizza-1094-7-0' class='wppizza-article-price  wppizza-add-to-cart'  title=\"Add to cart\">\n\t    \t\t<span>4.50 \u20ac<\/span>\n\t    \t\t\t    \t\t<div class='wppizza-article-price-lbl'>\/ portion<\/div>\n\t   \t\t\t\t   \t\t<\/span>\n\t   \t\n\t   \t\t\t<\/div>\n\t\t<div class=\"wppizza-article-info\">\n\t\t<p>&nbsp;<\/p>\n<p>Flan au lait \u00e0 la fleur d\u2019oranger, pistaches\u2026<\/p>\n\t\t<\/div>\n<input type=\"hidden\" id=\"wppizza-category-1094\" value=\"16\" \/>\t<\/div>\n\t<\/article>\n\n<p>&nbsp;<\/p>\n<h2><span style=\"color: #800000;\"><strong><em>A<\/em>lcools<\/strong><\/span><\/h2>\n\t<article id=\"post-1097\" class=\"wppizza-article entry-content wppizza-article-alcools-20 wppizza-article-first post-1097 wppizza type-wppizza status-publish hentry wppizza_menu-alcools wppizza_menu-menu-traiteur\">\n\t\t\t<h2 id=\"wppizza-article-1097-100-0\" class=\"wppizza-article-title wppizza-trigger-click\">\n\t\t\tR\u00e9serve du Couvent Rouge \u2013 75 cl\t\t\t\t\t<\/h2>\n\t\t\t<div class=\"wppizza-article-content\">\n\t\t<div id=\"wppizza-article-tiers-1097\" class=\"wppizza-article-tiers\">\n\n\t   \t\n\n\t   \t\t   \t\t<span id='wppizza-1097-100-0' class='wppizza-article-price  wppizza-add-to-cart'  title=\"Add to cart\">\n\t    \t\t<span>22.00 \u20ac<\/span>\n\t    \t\t\t    \t\t<div class='wppizza-article-price-lbl'><\/div>\n\t   \t\t\t\t   \t\t<\/span>\n\t   \t\n\t   \t\t\t<\/div>\n\t\t<div class=\"wppizza-article-info\">\n\t\t<p>R\u00e9serve du Couvent Rouge \u2013 75 cl<\/p>\n\t\t<\/div>\n<input type=\"hidden\" id=\"wppizza-category-1097\" value=\"20\" \/>\t<\/div>\n\t<\/article>\n\t<article id=\"post-1098\" class=\"wppizza-article entry-content wppizza-article-alcools-20 post-1098 wppizza type-wppizza status-publish hentry wppizza_menu-alcools wppizza_menu-menu-traiteur\">\n\t\t\t<h2 id=\"wppizza-article-1098-100-0\" class=\"wppizza-article-title wppizza-trigger-click\">\n\t\t\tKsara ros\u00e9 \u2013 75 cl\t\t\t\t\t<\/h2>\n\t\t\t<div class=\"wppizza-article-content\">\n\t\t<div id=\"wppizza-article-tiers-1098\" class=\"wppizza-article-tiers\">\n\n\t   \t\n\n\t   \t\t   \t\t<span id='wppizza-1098-100-0' class='wppizza-article-price  wppizza-add-to-cart'  title=\"Add to cart\">\n\t    \t\t<span>22.00 \u20ac<\/span>\n\t    \t\t\t    \t\t<div class='wppizza-article-price-lbl'><\/div>\n\t   \t\t\t\t   \t\t<\/span>\n\t   \t\n\t   \t\t\t<\/div>\n\t\t<div class=\"wppizza-article-info\">\n\t\t<p>Ksara ros\u00e9 \u2013 75 cl<\/p>\n\t\t<\/div>\n<input type=\"hidden\" id=\"wppizza-category-1098\" value=\"20\" \/>\t<\/div>\n\t<\/article>\n\t<article id=\"post-1101\" class=\"wppizza-article entry-content wppizza-article-alcools-20 post-1101 wppizza type-wppizza status-publish hentry wppizza_menu-alcools wppizza_menu-menu-traiteur\">\n\t\t\t<h2 id=\"wppizza-article-1101-37-0\" class=\"wppizza-article-title wppizza-trigger-click\">\n\t\t\tAlmaza \u2013 33 cl\t\t\t\t\t<\/h2>\n\t\t\t<div class=\"wppizza-article-content\">\n\t\t<div id=\"wppizza-article-tiers-1101\" class=\"wppizza-article-tiers\">\n\n\t   \t\n\n\t   \t\t   \t\t<span id='wppizza-1101-37-0' class='wppizza-article-price  wppizza-add-to-cart'  title=\"Add to cart\">\n\t    \t\t<span>5.00 \u20ac<\/span>\n\t    \t\t\t    \t\t<div class='wppizza-article-price-lbl'><\/div>\n\t   \t\t\t\t   \t\t<\/span>\n\t   \t\n\t   \t\t\t<\/div>\n\t\t<div class=\"wppizza-article-info\">\n\t\t<p>Almaza bi\u00e8re libanaise\u00a0\u2013 33 cl<\/p>\n\t\t<\/div>\n<input type=\"hidden\" id=\"wppizza-category-1101\" value=\"20\" \/>\t<\/div>\n\t<\/article>\n\t<article id=\"post-1103\" class=\"wppizza-article entry-content wppizza-article-alcools-20 wppizza-article-last post-1103 wppizza type-wppizza status-publish hentry wppizza_menu-alcools wppizza_menu-menu-traiteur\">\n\t\t\t<h2 id=\"wppizza-article-1103-92-0\" class=\"wppizza-article-title wppizza-trigger-click\">\n\t\t\tBi\u00e8re Libanaise &#8211; 33 cl\t\t\t\t\t<\/h2>\n\t\t\t<div class=\"wppizza-article-content\">\n\t\t<div id=\"wppizza-article-tiers-1103\" class=\"wppizza-article-tiers\">\n\n\t   \t\n\n\t   \t\t   \t\t<span id='wppizza-1103-92-0' class='wppizza-article-price  wppizza-add-to-cart'  title=\"Add to cart\">\n\t    \t\t<span>4.50 \u20ac<\/span>\n\t    \t\t\t    \t\t<div class='wppizza-article-price-lbl'><\/div>\n\t   \t\t\t\t   \t\t<\/span>\n\t   \t\n\t   \t\t\t<\/div>\n\t\t<div class=\"wppizza-article-info\">\n\t\t<p>Bi\u00e8re libanaise &#8211; 33 cl<\/p>\n\t\t<\/div>\n<input type=\"hidden\" id=\"wppizza-category-1103\" value=\"20\" \/>\t<\/div>\n\t<\/article>\n\n<h2><span style=\"color: #800000;\">Boissons non alcoolis\u00e9s<\/span><\/h2>\n\t<article id=\"post-1599\" class=\"wppizza-article entry-content wppizza-article-boissons-non-alcoolisees-21 wppizza-article-first post-1599 wppizza type-wppizza status-publish hentry wppizza_menu-boissons-non-alcoolisees wppizza_menu-menu-traiteur\">\n\t\t\t<h2 id=\"wppizza-article-1599-80-0\" class=\"wppizza-article-title wppizza-trigger-click\">\n\t\t\tOrangina-33 cl\t\t\t\t\t<\/h2>\n\t\t\t<div class=\"wppizza-article-content\">\n\t\t<div id=\"wppizza-article-tiers-1599\" class=\"wppizza-article-tiers\">\n\n\t   \t\n\n\t   \t\t   \t\t<span id='wppizza-1599-80-0' class='wppizza-article-price  wppizza-add-to-cart'  title=\"Add to cart\">\n\t    \t\t<span>2.00 \u20ac<\/span>\n\t    \t\t\t    \t\t<div class='wppizza-article-price-lbl'><\/div>\n\t   \t\t\t\t   \t\t<\/span>\n\t   \t\n\t   \t\t\t<\/div>\n\t\t<div class=\"wppizza-article-info\">\n\t\t\t\t<\/div>\n<input type=\"hidden\" id=\"wppizza-category-1599\" value=\"21\" \/>\t<\/div>\n\t<\/article>\n\t<article id=\"post-1600\" class=\"wppizza-article entry-content wppizza-article-boissons-non-alcoolisees-21 post-1600 wppizza type-wppizza status-publish hentry wppizza_menu-boissons-non-alcoolisees wppizza_menu-menu-traiteur\">\n\t\t\t<h2 id=\"wppizza-article-1600-80-0\" class=\"wppizza-article-title wppizza-trigger-click\">\n\t\t\t7up-33 cl\t\t\t\t\t<\/h2>\n\t\t\t<div class=\"wppizza-article-content\">\n\t\t<div id=\"wppizza-article-tiers-1600\" class=\"wppizza-article-tiers\">\n\n\t   \t\n\n\t   \t\t   \t\t<span id='wppizza-1600-80-0' class='wppizza-article-price  wppizza-add-to-cart'  title=\"Add to cart\">\n\t    \t\t<span>2.00 \u20ac<\/span>\n\t    \t\t\t    \t\t<div class='wppizza-article-price-lbl'><\/div>\n\t   \t\t\t\t   \t\t<\/span>\n\t   \t\n\t   \t\t\t<\/div>\n\t\t<div class=\"wppizza-article-info\">\n\t\t\t\t<\/div>\n<input type=\"hidden\" id=\"wppizza-category-1600\" value=\"21\" \/>\t<\/div>\n\t<\/article>\n\t<article id=\"post-1601\" class=\"wppizza-article entry-content wppizza-article-boissons-non-alcoolisees-21 post-1601 wppizza type-wppizza status-publish hentry wppizza_menu-boissons-non-alcoolisees wppizza_menu-menu-traiteur\">\n\t\t\t<h2 id=\"wppizza-article-1601-80-0\" class=\"wppizza-article-title wppizza-trigger-click\">\n\t\t\tCoca Cola -33 cl\t\t\t\t\t<\/h2>\n\t\t\t<div class=\"wppizza-article-content\">\n\t\t<div id=\"wppizza-article-tiers-1601\" class=\"wppizza-article-tiers\">\n\n\t   \t\n\n\t   \t\t   \t\t<span id='wppizza-1601-80-0' class='wppizza-article-price  wppizza-add-to-cart'  title=\"Add to cart\">\n\t    \t\t<span>2.00 \u20ac<\/span>\n\t    \t\t\t    \t\t<div class='wppizza-article-price-lbl'><\/div>\n\t   \t\t\t\t   \t\t<\/span>\n\t   \t\n\t   \t\t\t<\/div>\n\t\t<div class=\"wppizza-article-info\">\n\t\t\t\t<\/div>\n<input type=\"hidden\" id=\"wppizza-category-1601\" value=\"21\" \/>\t<\/div>\n\t<\/article>\n\t<article id=\"post-1602\" class=\"wppizza-article entry-content wppizza-article-boissons-non-alcoolisees-21 post-1602 wppizza type-wppizza status-publish hentry wppizza_menu-boissons-non-alcoolisees wppizza_menu-menu-traiteur\">\n\t\t\t<h2 id=\"wppizza-article-1602-80-0\" class=\"wppizza-article-title wppizza-trigger-click\">\n\t\t\tCoca z\u00e9ro-33 cl\t\t\t\t\t<\/h2>\n\t\t\t<div class=\"wppizza-article-content\">\n\t\t<div id=\"wppizza-article-tiers-1602\" class=\"wppizza-article-tiers\">\n\n\t   \t\n\n\t   \t\t   \t\t<span id='wppizza-1602-80-0' class='wppizza-article-price  wppizza-add-to-cart'  title=\"Add to cart\">\n\t    \t\t<span>2.00 \u20ac<\/span>\n\t    \t\t\t    \t\t<div class='wppizza-article-price-lbl'><\/div>\n\t   \t\t\t\t   \t\t<\/span>\n\t   \t\n\t   \t\t\t<\/div>\n\t\t<div class=\"wppizza-article-info\">\n\t\t\t\t<\/div>\n<input type=\"hidden\" id=\"wppizza-category-1602\" value=\"21\" \/>\t<\/div>\n\t<\/article>\n\t<article id=\"post-1603\" class=\"wppizza-article entry-content wppizza-article-boissons-non-alcoolisees-21 post-1603 wppizza type-wppizza status-publish hentry wppizza_menu-boissons-non-alcoolisees wppizza_menu-menu-traiteur\">\n\t\t\t<h2 id=\"wppizza-article-1603-80-0\" class=\"wppizza-article-title wppizza-trigger-click\">\n\t\t\tIce Tea-33 cl\t\t\t\t\t<\/h2>\n\t\t\t<div class=\"wppizza-article-content\">\n\t\t<div id=\"wppizza-article-tiers-1603\" class=\"wppizza-article-tiers\">\n\n\t   \t\n\n\t   \t\t   \t\t<span id='wppizza-1603-80-0' class='wppizza-article-price  wppizza-add-to-cart'  title=\"Add to cart\">\n\t    \t\t<span>2.00 \u20ac<\/span>\n\t    \t\t\t    \t\t<div class='wppizza-article-price-lbl'><\/div>\n\t   \t\t\t\t   \t\t<\/span>\n\t   \t\n\t   \t\t\t<\/div>\n\t\t<div class=\"wppizza-article-info\">\n\t\t\t\t<\/div>\n<input type=\"hidden\" id=\"wppizza-category-1603\" value=\"21\" \/>\t<\/div>\n\t<\/article>\n\t<article id=\"post-1106\" class=\"wppizza-article entry-content wppizza-article-boissons-non-alcoolisees-21 wppizza-article-last post-1106 wppizza type-wppizza status-publish hentry wppizza_menu-boissons-non-alcoolisees wppizza_menu-menu-traiteur\">\n\t\t\t<h2 id=\"wppizza-article-1106-51-0\" class=\"wppizza-article-title wppizza-trigger-click\">\n\t\t\tMineral Water - 50 cl\t\t\t\t\t<\/h2>\n\t\t\t<div class=\"wppizza-article-content\">\n\t\t<div id=\"wppizza-article-tiers-1106\" class=\"wppizza-article-tiers\">\n\n\t   \t\n\n\t   \t\t   \t\t<span id='wppizza-1106-51-0' class='wppizza-article-price  wppizza-add-to-cart'  title=\"Add to cart\">\n\t    \t\t<span>2.50 \u20ac<\/span>\n\t    \t\t\t    \t\t<div class='wppizza-article-price-lbl'><\/div>\n\t   \t\t\t\t   \t\t<\/span>\n\t   \t\n\t   \t\t\t<\/div>\n\t\t<div class=\"wppizza-article-info\">\n\t\t<p>Evian\u2013 50 cl<\/p>\n\t\t<\/div>\n<input type=\"hidden\" id=\"wppizza-category-1106\" value=\"21\" \/>\t<\/div>\n\t<\/article>","protected":false},"excerpt":{"rendered":"<p>Pour commander en ligne nos sp\u00e9cialit\u00e9s libanaises, veuillez cliquer sur le nom de l\u2019article ou sur son prix. &nbsp; Alcools Boissons non alcoolis\u00e9s<\/p>","protected":false},"author":2,"featured_media":0,"parent":26,"menu_order":0,"comment_status":"closed","ping_status":"open","template":"","meta":[],"aioseo_notices":[],"_links":{"self":[{"href":"https:\/\/restaurantehden.fr\/en\/wp-json\/wp\/v2\/pages\/110"}],"collection":[{"href":"https:\/\/restaurantehden.fr\/en\/wp-json\/wp\/v2\/pages"}],"about":[{"href":"https:\/\/restaurantehden.fr\/en\/wp-json\/wp\/v2\/types\/page"}],"author":[{"embeddable":true,"href":"https:\/\/restaurantehden.fr\/en\/wp-json\/wp\/v2\/users\/2"}],"replies":[{"embeddable":true,"href":"https:\/\/restaurantehden.fr\/en\/wp-json\/wp\/v2\/comments?post=110"}],"version-history":[{"count":3,"href":"https:\/\/restaurantehden.fr\/en\/wp-json\/wp\/v2\/pages\/110\/revisions"}],"predecessor-version":[{"id":1460,"href":"https:\/\/restaurantehden.fr\/en\/wp-json\/wp\/v2\/pages\/110\/revisions\/1460"}],"up":[{"embeddable":true,"href":"https:\/\/restaurantehden.fr\/en\/wp-json\/wp\/v2\/pages\/26"}],"wp:attachment":[{"href":"https:\/\/restaurantehden.fr\/en\/wp-json\/wp\/v2\/media?parent=110"}],"curies":[{"name":"wp","href":"https:\/\/api.w.org\/{rel}","templated":true}]}}