{"id":1180,"date":"2015-06-02T13:47:52","date_gmt":"2015-06-02T13:47:52","guid":{"rendered":"http:\/\/www.restaurantehden.fr\/?page_id=1180"},"modified":"2024-04-26T07:44:15","modified_gmt":"2024-04-26T05:44:15","slug":"menu-sur-place","status":"publish","type":"page","link":"https:\/\/restaurantehden.fr\/en\/menu-sur-place\/","title":{"rendered":"On-site menu"},"content":{"rendered":"<p>We invite you to discover or rediscover our Lebanese cuisine:<\/p>\n<p>- <a title=\"Our lunch menus\" href=\"..\/menu-sur-place\/plat-du-jour\/\">Choice of formulas <\/a><\/p>\n<p>- <a title=\"Lebanese cold starters\" href=\"..\/menu-sur-place\/entrees-froides\/\">Cold mezze<\/a><\/p>\n<p>- <a title=\"Lebanese hot starters\" href=\"..\/menu-sur-place\/entrees-chaudes\/\">Hot Mezz\u00e9s<\/a><\/p>\n<p>- <a href=\"..\/menu-sur-place\/plat-hors-doeuvre\/\">Grills and Chawarmas<\/a><\/p>\n<p>- <a href=\"..\/menu-sur-place\/mezzes\/\">Our Mezz\u00e9s to share <\/a><\/p>\n<p>- <a title=\"Our cellar\" href=\"..\/menu-sur-place\/notre-cave\/\">Our cellar<\/a><\/p>\n<p>- <a href=\"..\/menu-sur-place\/desserts\/\">Desserts<\/a><\/p>\n<p>- <a title=\"Our on-site menus\" href=\"..\/menu-sur-place\/nos-menus\/\">Tasting menu<\/a><\/p>\n\n\n<p><\/p>","protected":false},"excerpt":{"rendered":"<p>Nous vous invitons \u00e0 d\u00e9couvrir ou \u00e0 red\u00e9couvrir notre cuisine libanaise : &#8211; Formules au choix &#8211; Mezz\u00e9s froids &#8211; Mezz\u00e9s chauds &#8211; Grillades et Chawarmas &#8211; Nos Mezz\u00e9s \u00e0 partager &#8211; Notre cave &#8211; Desserts &#8211; Menu D\u00e9gustation<\/p>","protected":false},"author":2,"featured_media":0,"parent":0,"menu_order":0,"comment_status":"closed","ping_status":"open","template":"","meta":[],"aioseo_notices":[],"_links":{"self":[{"href":"https:\/\/restaurantehden.fr\/en\/wp-json\/wp\/v2\/pages\/1180"}],"collection":[{"href":"https:\/\/restaurantehden.fr\/en\/wp-json\/wp\/v2\/pages"}],"about":[{"href":"https:\/\/restaurantehden.fr\/en\/wp-json\/wp\/v2\/types\/page"}],"author":[{"embeddable":true,"href":"https:\/\/restaurantehden.fr\/en\/wp-json\/wp\/v2\/users\/2"}],"replies":[{"embeddable":true,"href":"https:\/\/restaurantehden.fr\/en\/wp-json\/wp\/v2\/comments?post=1180"}],"version-history":[{"count":3,"href":"https:\/\/restaurantehden.fr\/en\/wp-json\/wp\/v2\/pages\/1180\/revisions"}],"predecessor-version":[{"id":2129,"href":"https:\/\/restaurantehden.fr\/en\/wp-json\/wp\/v2\/pages\/1180\/revisions\/2129"}],"wp:attachment":[{"href":"https:\/\/restaurantehden.fr\/en\/wp-json\/wp\/v2\/media?parent=1180"}],"curies":[{"name":"wp","href":"https:\/\/api.w.org\/{rel}","templated":true}]}}