{"id":18,"date":"2011-05-05T09:50:58","date_gmt":"2011-05-05T09:50:58","guid":{"rendered":"http:\/\/localhost\/ehden\/?page_id=18"},"modified":"2026-04-13T08:51:32","modified_gmt":"2026-04-13T06:51:32","slug":"accueil","status":"publish","type":"page","link":"https:\/\/restaurantehden.fr\/en\/","title":{"rendered":"Ehden Lebanese Restaurant"},"content":{"rendered":"<p><span style=\"font-size: inherit;\"><br \/>\nRestaurant libanais Paris 10, Ehden vous accueille dans une ambiance chaleureuse \u00e0 deux pas du 9e arrondissement et de la Gare du Nord. D\u00e9couvrez une cuisine libanaise authentique avec mezz\u00e9s, grillades et sp\u00e9cialit\u00e9s maison.<\/span><\/p>\n<p>Notre restaurant libanais Paris 10 est id\u00e9alement situ\u00e9 pr\u00e8s du m\u00e9tro Poissonni\u00e8re (ligne 7) et \u00e0 quelques minutes \u00e0 pied de la Gare du Nord et de la Gare de l\u2019Est.<\/p>\n<p>Si vous cherchez un restaurant libanais Paris 10, Ehden est une adresse incontournable pour savourer une cuisine authentique \u00e0 Paris.<\/p>\n<p>\ud83c\udf7d\ufe0f<strong> RESERVATIONS - LEBANESE RESTAURANT IN PARIS\u00a0<\/strong><\/p>\n<p><strong>\ud83d\udcde CALL NOW - BOOK BY PHONE<\/strong><br \/>\n<strong>\u00a0<a href=\"tel:+33145264210\">01 45 26 42 10<\/a><\/strong><br \/>\n\u23f1\ufe0f Fast response - Tables available today<\/p>\n<p>\ud83c\udf7d\ufe0f<a href=\"https:\/\/restaurantehden.fr\/en\/reservations\/\"> Book online<\/a><\/p>\n<p>\u23f0 Open 7 days a week- Dine-in, takeaway and delivery<\/p>\n<p>\ud83c\udf7d\ufe0f Dine-in<\/p>\n<p>\ud83e\udd61 Takeaway<\/p>\n<p>\ud83d\ude9a Delivery in Paris 9th, 10th, 18th and nearby areas<\/p>\n<p>\ud83d\udc49 Order online in just a few clicks or browse our menu to choose your favorite dishes.<\/p>\n<p>\ud83d\udccd Address<\/p>\n<p>69 rue de Maubeuge, 75010 Paris<\/p>\n<p><a title=\"Ehden Lebanese restaurant menu\" href=\"https:\/\/restaurantehden.fr\/en\/menu-sur-place\/\">On-site menu<\/a> and\u00a0<a title=\"The takeaway menu\" href=\"https:\/\/restaurantehden.fr\/en\/traiteur\/\">Takeaway &amp; Delivery<\/a>.<br \/>\n<!-- meta slider -->\n<div style=\"max-width: 640px;\" class=\"metaslider metaslider-nivo metaslider-1156 ml-slider\">\n    \n    <div id=\"metaslider_container_1156\">\n        <div class='slider-wrapper theme-default'>\n            <div class='ribbon'><\/div>\n            <div id='metaslider_1156' class='nivoSlider'>\n                <img src=\"https:\/\/restaurantehden.fr\/wp-content\/uploads\/2016\/07\/Mashew\u00e9-640x300.jpg\" height=\"300\" width=\"640\" alt=\"\" class=\"slider-1156 slide-1625\" \/>\n                <img src=\"https:\/\/restaurantehden.fr\/wp-content\/uploads\/2011\/05\/COTELETTES-DAGNEAU-e1435407988995-267x125.jpg\" height=\"300\" width=\"640\" alt=\"\" class=\"slider-1156 slide-1429\" \/>\n                <img src=\"https:\/\/restaurantehden.fr\/wp-content\/uploads\/2015\/05\/Mashew\u00e9-e1435607917776-330x154.jpg\" height=\"300\" width=\"640\" alt=\"Mashew\u00e9 libanais traditionnel servi au restaurant Ehden \u00e0 Paris\" class=\"slider-1156 slide-1461\" \/>\n                <img src=\"https:\/\/restaurantehden.fr\/wp-content\/uploads\/2015\/05\/CHAWARMA-POULET-e1435408077383-263x123.jpg\" height=\"300\" width=\"640\" alt=\"\" class=\"slider-1156 slide-1431\" \/>\n                <img src=\"https:\/\/restaurantehden.fr\/wp-content\/uploads\/2016\/07\/katayef-640x300.jpg\" height=\"300\" width=\"640\" alt=\"Katayef libanais traditionnel au restaurant Ehden \u00e0 Paris\" class=\"slider-1156 slide-1631\" \/>\n                <img src=\"https:\/\/restaurantehden.fr\/wp-content\/uploads\/2016\/07\/Taboul\u00e9-230x107.jpg\" height=\"300\" width=\"640\" alt=\"Taboul\u00e9 libanais traditionnel au restaurant Ehden \u00e0 Paris\" class=\"slider-1156 slide-1628\" \/>\n                <img src=\"https:\/\/restaurantehden.fr\/wp-content\/uploads\/2015\/05\/sandwich-falafel-254x119.jpg\" height=\"300\" width=\"640\" alt=\"Sandwich falafel libanais maison au restaurant Ehden \u00e0 Paris\" class=\"slider-1156 slide-1559\" \/>\n                <img src=\"https:\/\/restaurantehden.fr\/wp-content\/uploads\/2015\/05\/Hommos-viande-512x240.jpg\" height=\"300\" width=\"640\" alt=\"Houmous libanais \u00e0 la viande servi au restaurant Ehden \u00e0 Paris\" class=\"slider-1156 slide-1538\" \/>\n                <img src=\"https:\/\/restaurantehden.fr\/wp-content\/uploads\/2015\/05\/Salade-Fattouche-640x300.jpg\" height=\"300\" width=\"640\" alt=\"Salade fattouche libanaise traditionnelle au restaurant Ehden \u00e0 Paris\" class=\"slider-1156 slide-1543\" \/>\n                <img src=\"https:\/\/restaurantehden.fr\/wp-content\/uploads\/2015\/05\/makanek-600x281.jpg\" height=\"300\" width=\"640\" alt=\"Makanek libanais traditionnel servi au restaurant Ehden \u00e0 Paris\" class=\"slider-1156 slide-1534\" \/>\n                <img src=\"https:\/\/restaurantehden.fr\/wp-content\/uploads\/2015\/05\/Yogurt-Cucumber-640x300.jpg\" height=\"300\" width=\"640\" alt=\"Salade orientale libanaise fra\u00eeche au restaurant Ehden \u00e0 Paris\" class=\"slider-1156 slide-1549\" \/>\n                <img src=\"https:\/\/restaurantehden.fr\/wp-content\/uploads\/2015\/05\/baklawa-e1435594636485-444x208.jpg\" height=\"300\" width=\"640\" alt=\"P\u00e2tisserie libanaise traditionnelle aux amendes et pistaches servie au restaurant Ehden \u00e0 Paris\" class=\"slider-1156 slide-1454\" \/>\n            <\/div>\n        <\/div>\n        \n    <\/div>\n    <script type=\"text\/javascript\">\n        var metaslider_1156 = function($) {\n            $('#metaslider_1156').nivoSlider({ \n                boxCols:7,\n                boxRows:5,\n                pauseTime:2700,\n                effect:\"sliceDown\",\n                controlNav:true,\n                directionNav:true,\n                pauseOnHover:true,\n                animSpeed:400,\n                prevText:\"&lt;\",\n                nextText:\"&gt;\",\n                slices:15,\n                manualAdvance:false\n            });\n        };\n        var timer_metaslider_1156 = function() {\n            var slider = !window.jQuery ? window.setTimeout(timer_metaslider_1156, 100) : !jQuery.isReady ? window.setTimeout(timer_metaslider_1156, 1) : metaslider_1156(window.jQuery);\n        };\n        timer_metaslider_1156();\n    <\/script>\n<\/div>\n<!--\/\/ meta slider--><\/p>","protected":false},"excerpt":{"rendered":"<p>Restaurant libanais Paris 10, Ehden vous accueille dans une ambiance chaleureuse \u00e0 deux pas du 9e arrondissement et de la Gare du Nord. D\u00e9couvrez une cuisine libanaise authentique avec mezz\u00e9s, grillades et sp\u00e9cialit\u00e9s maison. Notre restaurant libanais Paris 10 est id\u00e9alement situ\u00e9 pr\u00e8s du m\u00e9tro Poissonni\u00e8re (ligne 7) et \u00e0 quelques minutes \u00e0 pied de [&hellip;]<\/p>","protected":false},"author":2,"featured_media":0,"parent":0,"menu_order":1,"comment_status":"closed","ping_status":"closed","template":"","meta":[],"aioseo_notices":[],"_links":{"self":[{"href":"https:\/\/restaurantehden.fr\/en\/wp-json\/wp\/v2\/pages\/18"}],"collection":[{"href":"https:\/\/restaurantehden.fr\/en\/wp-json\/wp\/v2\/pages"}],"about":[{"href":"https:\/\/restaurantehden.fr\/en\/wp-json\/wp\/v2\/types\/page"}],"author":[{"embeddable":true,"href":"https:\/\/restaurantehden.fr\/en\/wp-json\/wp\/v2\/users\/2"}],"replies":[{"embeddable":true,"href":"https:\/\/restaurantehden.fr\/en\/wp-json\/wp\/v2\/comments?post=18"}],"version-history":[{"count":17,"href":"https:\/\/restaurantehden.fr\/en\/wp-json\/wp\/v2\/pages\/18\/revisions"}],"predecessor-version":[{"id":2355,"href":"https:\/\/restaurantehden.fr\/en\/wp-json\/wp\/v2\/pages\/18\/revisions\/2355"}],"wp:attachment":[{"href":"https:\/\/restaurantehden.fr\/en\/wp-json\/wp\/v2\/media?parent=18"}],"curies":[{"name":"wp","href":"https:\/\/api.w.org\/{rel}","templated":true}]}}