{"id":24,"date":"2011-05-05T09:57:55","date_gmt":"2011-05-05T09:57:55","guid":{"rendered":"http:\/\/localhost\/ehden\/?page_id=24"},"modified":"2015-06-27T14:01:30","modified_gmt":"2015-06-27T12:01:30","slug":"galerie-photos","status":"publish","type":"page","link":"https:\/\/restaurantehden.fr\/en\/galerie-photos\/","title":{"rendered":"Photo gallery"},"content":{"rendered":"<p>Nous vous invitons \u00e0 d\u00e9couvrir notre galerie photo des sp\u00e9cialit\u00e9s libanaises :<\/p>\n<!-- meta slider -->\n<div style=\"max-width: 640px;\" class=\"metaslider metaslider-nivo metaslider-1398 ml-slider\">\n    \n    <div id=\"metaslider_container_1398\">\n        <div class='slider-wrapper theme-default'>\n            <div class='ribbon'><\/div>\n            <div id='metaslider_1398' class='nivoSlider'>\n                <img src=\"https:\/\/restaurantehden.fr\/wp-content\/uploads\/2015\/06\/7restaurant.jpg\" height=\"300\" width=\"640\" data-title=\"Warak Enab - sp&eacute;cialit&eacute; libanaise\" alt=\"Warak enab - sp\u00e9cialit\u00e9 libanaise\" class=\"slider-1398 slide-1401\" \/>\n                <img src=\"https:\/\/restaurantehden.fr\/wp-content\/uploads\/2015\/05\/Labneh-Lebanese-Cream-Cheese-640x300.jpg\" height=\"300\" width=\"640\" alt=\"Labneh libanais traditionnel servi au restaurant Ehden \u00e0 Paris\" class=\"slider-1398 slide-1547\" \/>\n                <img src=\"https:\/\/restaurantehden.fr\/wp-content\/uploads\/2011\/05\/COTELETTES-DAGNEAU-e1435407988995-267x125.jpg\" height=\"300\" width=\"640\" alt=\"\" class=\"slider-1398 slide-1429\" \/>\n                <img src=\"https:\/\/restaurantehden.fr\/wp-content\/uploads\/2015\/05\/kebb\u00e9-kras2-300x140.jpg\" height=\"300\" width=\"640\" alt=\"Kebb\u00e9 libanais traditionnel servi au restaurant Ehden \u00e0 Paris\" class=\"slider-1398 slide-1554\" \/>\n                <img src=\"https:\/\/restaurantehden.fr\/wp-content\/uploads\/2015\/05\/CHAWARMA-BOEUF-e1435410606754-500x234.jpg\" height=\"300\" width=\"640\" alt=\"\" class=\"slider-1398 slide-1436\" \/>\n                <img src=\"https:\/\/restaurantehden.fr\/wp-content\/uploads\/2015\/05\/CHAWARMA-POULET-e1435408077383-263x123.jpg\" height=\"300\" width=\"640\" alt=\"\" class=\"slider-1398 slide-1431\" \/>\n                <img src=\"https:\/\/restaurantehden.fr\/wp-content\/uploads\/2016\/07\/katayef-640x300.jpg\" height=\"300\" width=\"640\" alt=\"Katayef libanais traditionnel au restaurant Ehden \u00e0 Paris\" class=\"slider-1398 slide-1631\" \/>\n                <img src=\"https:\/\/restaurantehden.fr\/wp-content\/uploads\/2016\/07\/Taboul\u00e9-230x107.jpg\" height=\"300\" width=\"640\" alt=\"Taboul\u00e9 libanais traditionnel au restaurant Ehden \u00e0 Paris\" class=\"slider-1398 slide-1628\" \/>\n                <img src=\"https:\/\/restaurantehden.fr\/wp-content\/uploads\/2015\/05\/salade-orientale-300x140.jpg\" height=\"300\" width=\"640\" alt=\"Salade orientale libanaise fra\u00eeche au restaurant Ehden \u00e0 Paris\" class=\"slider-1398 slide-1550\" \/>\n                <img src=\"https:\/\/restaurantehden.fr\/wp-content\/uploads\/2015\/05\/sandwich-falafel-254x119.jpg\" height=\"300\" width=\"640\" alt=\"Sandwich falafel libanais maison au restaurant Ehden \u00e0 Paris\" class=\"slider-1398 slide-1559\" \/>\n                <img src=\"https:\/\/restaurantehden.fr\/wp-content\/uploads\/2015\/06\/chickenshawarma-640x300.jpg\" height=\"300\" width=\"640\" alt=\"Sandwich chawarma poulet libanais au restaurant Ehden \u00e0 Paris\" class=\"slider-1398 slide-1560\" \/>\n                <img src=\"https:\/\/restaurantehden.fr\/wp-content\/uploads\/2015\/05\/makanek-600x281.jpg\" height=\"300\" width=\"640\" alt=\"Makanek libanais traditionnel servi au restaurant Ehden \u00e0 Paris\" class=\"slider-1398 slide-1534\" \/>\n                <img src=\"https:\/\/restaurantehden.fr\/wp-content\/uploads\/2015\/05\/baklawa-e1435594636485-444x208.jpg\" height=\"300\" width=\"640\" alt=\"P\u00e2tisserie libanaise traditionnelle aux amendes et pistaches servie au restaurant Ehden \u00e0 Paris\" class=\"slider-1398 slide-1454\" \/>\n                <img src=\"https:\/\/restaurantehden.fr\/wp-content\/uploads\/2015\/05\/SALADE-DAUBERGINE-e1435437026476-405x189.jpg\" height=\"300\" width=\"640\" alt=\"Salade d\u2019aubergine libanaise traditionnelle servie au restaurant Ehden \u00e0 Paris\" class=\"slider-1398 slide-1445\" \/>\n                <img src=\"https:\/\/restaurantehden.fr\/wp-content\/uploads\/2015\/05\/hommos-400x187.jpg\" height=\"300\" width=\"640\" alt=\"\" class=\"slider-1398 slide-1055\" \/>\n                <img src=\"https:\/\/restaurantehden.fr\/wp-content\/uploads\/2016\/07\/mamoul-640x300.jpg\" height=\"300\" width=\"640\" alt=\"Mamoul libanais traditionnel au restaurant Ehden \u00e0 Paris\" class=\"slider-1398 slide-1629\" \/>\n                <img src=\"https:\/\/restaurantehden.fr\/wp-content\/uploads\/2016\/07\/Falafel-640x300.jpg\" height=\"300\" width=\"640\" alt=\"Falafels libanais maison servis au restaurant Ehden \u00e0 Paris\" class=\"slider-1398 slide-1630\" \/>\n            <\/div>\n        <\/div>\n        \n    <\/div>\n    <script type=\"text\/javascript\">\n        var metaslider_1398 = function($) {\n            $('#metaslider_1398').nivoSlider({ \n                boxCols:7,\n                boxRows:5,\n                pauseTime:2700,\n                effect:\"sliceDown\",\n                controlNav:true,\n                directionNav:true,\n                pauseOnHover:true,\n                animSpeed:400,\n                prevText:\"&lt;\",\n                nextText:\"&gt;\",\n                slices:15,\n                manualAdvance:false\n            });\n        };\n        var timer_metaslider_1398 = function() {\n            var slider = !window.jQuery ? window.setTimeout(timer_metaslider_1398, 100) : !jQuery.isReady ? window.setTimeout(timer_metaslider_1398, 1) : metaslider_1398(window.jQuery);\n        };\n        timer_metaslider_1398();\n    <\/script>\n<\/div>\n<!--\/\/ meta slider-->","protected":false},"excerpt":{"rendered":"<p>Nous vous invitons \u00e0 d\u00e9couvrir notre galerie photo des sp\u00e9cialit\u00e9s libanaises :<\/p>","protected":false},"author":2,"featured_media":0,"parent":0,"menu_order":3,"comment_status":"closed","ping_status":"closed","template":"","meta":[],"aioseo_notices":[],"_links":{"self":[{"href":"https:\/\/restaurantehden.fr\/en\/wp-json\/wp\/v2\/pages\/24"}],"collection":[{"href":"https:\/\/restaurantehden.fr\/en\/wp-json\/wp\/v2\/pages"}],"about":[{"href":"https:\/\/restaurantehden.fr\/en\/wp-json\/wp\/v2\/types\/page"}],"author":[{"embeddable":true,"href":"https:\/\/restaurantehden.fr\/en\/wp-json\/wp\/v2\/users\/2"}],"replies":[{"embeddable":true,"href":"https:\/\/restaurantehden.fr\/en\/wp-json\/wp\/v2\/comments?post=24"}],"version-history":[{"count":2,"href":"https:\/\/restaurantehden.fr\/en\/wp-json\/wp\/v2\/pages\/24\/revisions"}],"predecessor-version":[{"id":1405,"href":"https:\/\/restaurantehden.fr\/en\/wp-json\/wp\/v2\/pages\/24\/revisions\/1405"}],"wp:attachment":[{"href":"https:\/\/restaurantehden.fr\/en\/wp-json\/wp\/v2\/media?parent=24"}],"curies":[{"name":"wp","href":"https:\/\/api.w.org\/{rel}","templated":true}]}}