{"id":272,"date":"2011-06-20T09:10:34","date_gmt":"2011-06-20T09:10:34","guid":{"rendered":"http:\/\/localhost\/ehden\/?page_id=272"},"modified":"2020-10-22T20:26:41","modified_gmt":"2020-10-22T18:26:41","slug":"beignets","status":"publish","type":"page","link":"https:\/\/restaurantehden.fr\/en\/traiteur\/beignets\/","title":{"rendered":"Beignets et chaussons"},"content":{"rendered":"<p style=\"text-align: justify;\">Pour commander en ligne nos sp\u00e9cialit\u00e9s libanaises, veuillez cliquer sur le nom de l\u2019article ou sur son prix.<\/p>\n\t<article id=\"post-1438\" class=\"wppizza-article entry-content wppizza-article-beignets-a-emporter-15 wppizza-article-first post-1438 wppizza type-wppizza status-publish hentry wppizza_menu-beignets-a-emporter wppizza_menu-menu-traiteur\">\n\t\t\t<h2 id=\"wppizza-article-1438-91-0\" class=\"wppizza-article-title wppizza-trigger-click\">\n\t\t\tchicken Sambousek\t\t\t\t\t<\/h2>\n\t\t\t<div class=\"wppizza-article-content\">\n\t\t<div id=\"wppizza-article-tiers-1438\" class=\"wppizza-article-tiers\">\n\n\t   \t\n\n\t   \t\t   \t\t<span id='wppizza-1438-91-0' class='wppizza-article-price  wppizza-add-to-cart'  title=\"Add to cart\">\n\t    \t\t<span>2.00 \u20ac<\/span>\n\t    \t\t\t    \t\t<div class='wppizza-article-price-lbl'>2,00<\/div>\n\t   \t\t\t\t   \t\t<\/span>\n\t   \t\n\t   \t\t\t<\/div>\n\t\t<div class=\"wppizza-article-info\">\n\t\t\t\t<\/div>\n<input type=\"hidden\" id=\"wppizza-category-1438\" value=\"15\" \/>\t<\/div>\n\t<\/article>\n\t<article id=\"post-1006\" class=\"wppizza-article entry-content wppizza-article-beignets-a-emporter-15 post-1006 wppizza type-wppizza status-publish has-post-thumbnail hentry wppizza_menu-beignets-a-emporter wppizza_menu-menu-traiteur\">\n\t\t\t<h2 id=\"wppizza-article-1006-91-0\" class=\"wppizza-article-title wppizza-trigger-click\">\n\t\t\tFalafel (1 pi\u00e8ce)\t\t\t\t\t<\/h2>\n\t\t\t\t\t<div class=\"wppizza-article-img\">\n\t\t\t<a href=\"https:\/\/restaurantehden.fr\/wp-content\/uploads\/2015\/05\/Falafel-e1435439288398.jpg\" rel=\"wppizzaPrettyPhoto\" title=\"Falafel (1 pi\u00e8ce)\">\t\t\t<img width=\"150\" height=\"150\" src=\"https:\/\/restaurantehden.fr\/wp-content\/uploads\/2015\/05\/Falafel-150x150.jpg\" class=\"wppizza-article-img-thumb wp-post-image\" alt=\"\" loading=\"lazy\" title=\"Falafel (1 pi\u00e8ce)\" \/>\t\t\t<\/a>\t\t\t<\/div>\n\t\t\t<div class=\"wppizza-article-content\">\n\t\t<div id=\"wppizza-article-tiers-1006\" class=\"wppizza-article-tiers\">\n\n\t   \t\n\n\t   \t\t   \t\t<span id='wppizza-1006-91-0' class='wppizza-article-price  wppizza-add-to-cart'  title=\"Add to cart\">\n\t    \t\t<span>2.00 \u20ac<\/span>\n\t    \t\t\t    \t\t<div class='wppizza-article-price-lbl'>2,00<\/div>\n\t   \t\t\t\t   \t\t<\/span>\n\t   \t\n\t   \t\t\t<\/div>\n\t\t<div class=\"wppizza-article-info\">\n\t\t<p>Boulette de f\u00e8ves et pois chiches, persil, ognons, poivrons rouges\u2026<\/p>\n\t\t<\/div>\n<input type=\"hidden\" id=\"wppizza-category-1006\" value=\"15\" \/>\t<\/div>\n\t<\/article>\n\t<article id=\"post-1007\" class=\"wppizza-article entry-content wppizza-article-beignets-a-emporter-15 post-1007 wppizza type-wppizza status-publish has-post-thumbnail hentry wppizza_menu-beignets-a-emporter wppizza_menu-menu-traiteur\">\n\t\t\t<h2 id=\"wppizza-article-1007-91-0\" class=\"wppizza-article-title wppizza-trigger-click\">\n\t\t\tFatayer (1 pi\u00e8ce)\t\t\t\t\t<\/h2>\n\t\t\t\t\t<div class=\"wppizza-article-img\">\n\t\t\t<a href=\"https:\/\/restaurantehden.fr\/wp-content\/uploads\/2015\/05\/Fatayer.gif\" rel=\"wppizzaPrettyPhoto\" title=\"Fatayer (1 pi\u00e8ce)\">\t\t\t<img width=\"150\" height=\"150\" src=\"https:\/\/restaurantehden.fr\/wp-content\/uploads\/2015\/05\/Fatayer-150x150.gif\" class=\"wppizza-article-img-thumb wp-post-image\" alt=\"\" loading=\"lazy\" title=\"Fatayer (1 pi\u00e8ce)\" \/>\t\t\t<\/a>\t\t\t<\/div>\n\t\t\t<div class=\"wppizza-article-content\">\n\t\t<div id=\"wppizza-article-tiers-1007\" class=\"wppizza-article-tiers\">\n\n\t   \t\n\n\t   \t\t   \t\t<span id='wppizza-1007-91-0' class='wppizza-article-price  wppizza-add-to-cart'  title=\"Add to cart\">\n\t    \t\t<span>2.00 \u20ac<\/span>\n\t    \t\t\t    \t\t<div class='wppizza-article-price-lbl'>2,00<\/div>\n\t   \t\t\t\t   \t\t<\/span>\n\t   \t\n\t   \t\t\t<\/div>\n\t\t<div class=\"wppizza-article-info\">\n\t\t<p>Stuffed zucchini with chard and pine nuts<\/p>\n\t\t<\/div>\n<input type=\"hidden\" id=\"wppizza-category-1007\" value=\"15\" \/>\t<\/div>\n\t<\/article>\n\t<article id=\"post-1021\" class=\"wppizza-article entry-content wppizza-article-beignets-a-emporter-15 post-1021 wppizza type-wppizza status-publish has-post-thumbnail hentry wppizza_menu-beignets-a-emporter wppizza_menu-menu-traiteur\">\n\t\t\t<h2 id=\"wppizza-article-1021-91-0\" class=\"wppizza-article-title wppizza-trigger-click\">\n\t\t\tRakakat (1 pi\u00e8ce)\t\t\t\t\t<\/h2>\n\t\t\t\t\t<div class=\"wppizza-article-img\">\n\t\t\t<a href=\"https:\/\/restaurantehden.fr\/wp-content\/uploads\/2025\/12\/IMG_8955-1.jpeg\" rel=\"wppizzaPrettyPhoto\" title=\"Rakakat (1 pi\u00e8ce)\">\t\t\t<img width=\"150\" height=\"150\" src=\"https:\/\/restaurantehden.fr\/wp-content\/uploads\/2025\/12\/IMG_8955-1-150x150.jpeg\" class=\"wppizza-article-img-thumb wp-post-image\" alt=\"\" loading=\"lazy\" title=\"Rakakat (1 pi\u00e8ce)\" \/>\t\t\t<\/a>\t\t\t<\/div>\n\t\t\t<div class=\"wppizza-article-content\">\n\t\t<div id=\"wppizza-article-tiers-1021\" class=\"wppizza-article-tiers\">\n\n\t   \t\n\n\t   \t\t   \t\t<span id='wppizza-1021-91-0' class='wppizza-article-price  wppizza-add-to-cart'  title=\"Add to cart\">\n\t    \t\t<span>2.00 \u20ac<\/span>\n\t    \t\t\t    \t\t<div class='wppizza-article-price-lbl'>2,00<\/div>\n\t   \t\t\t\t   \t\t<\/span>\n\t   \t\n\t   \t\t\t<\/div>\n\t\t<div class=\"wppizza-article-info\">\n\t\t<p>Feuillet\u00e9es de fromage f\u00eata<\/p>\n\t\t<\/div>\n<input type=\"hidden\" id=\"wppizza-category-1021\" value=\"15\" \/>\t<\/div>\n\t<\/article>\n\t<article id=\"post-1022\" class=\"wppizza-article entry-content wppizza-article-beignets-a-emporter-15 post-1022 wppizza type-wppizza status-publish has-post-thumbnail hentry wppizza_menu-beignets-a-emporter wppizza_menu-menu-traiteur\">\n\t\t\t<h2 id=\"wppizza-article-1022-91-0\" class=\"wppizza-article-title wppizza-trigger-click\">\n\t\t\tSambousek J\u00e9bn\u00e9 (1 pi\u00e8ce)\t\t\t\t\t<\/h2>\n\t\t\t\t\t<div class=\"wppizza-article-img\">\n\t\t\t<a href=\"https:\/\/restaurantehden.fr\/wp-content\/uploads\/2015\/05\/sambousek-fromage.jpg\" rel=\"wppizzaPrettyPhoto\" title=\"Sambousek J\u00e9bn\u00e9 (1 pi\u00e8ce)\">\t\t\t<img width=\"150\" height=\"150\" src=\"https:\/\/restaurantehden.fr\/wp-content\/uploads\/2015\/05\/sambousek-fromage-150x150.jpg\" class=\"wppizza-article-img-thumb wp-post-image\" alt=\"\" loading=\"lazy\" title=\"Sambousek J\u00e9bn\u00e9 (1 pi\u00e8ce)\" \/>\t\t\t<\/a>\t\t\t<\/div>\n\t\t\t<div class=\"wppizza-article-content\">\n\t\t<div id=\"wppizza-article-tiers-1022\" class=\"wppizza-article-tiers\">\n\n\t   \t\n\n\t   \t\t   \t\t<span id='wppizza-1022-91-0' class='wppizza-article-price  wppizza-add-to-cart'  title=\"Add to cart\">\n\t    \t\t<span>2.00 \u20ac<\/span>\n\t    \t\t\t    \t\t<div class='wppizza-article-price-lbl'>2,00<\/div>\n\t   \t\t\t\t   \t\t<\/span>\n\t   \t\n\t   \t\t\t<\/div>\n\t\t<div class=\"wppizza-article-info\">\n\t\t<p>Chausson au fromage<\/p>\n\t\t<\/div>\n<input type=\"hidden\" id=\"wppizza-category-1022\" value=\"15\" \/>\t<\/div>\n\t<\/article>\n\t<article id=\"post-1023\" class=\"wppizza-article entry-content wppizza-article-beignets-a-emporter-15 post-1023 wppizza type-wppizza status-publish has-post-thumbnail hentry wppizza_menu-beignets-a-emporter wppizza_menu-menu-traiteur\">\n\t\t\t<h2 id=\"wppizza-article-1023-91-0\" class=\"wppizza-article-title wppizza-trigger-click\">\n\t\t\tSambousek B\u0153uf (1 pi\u00e8ce)\t\t\t\t\t<\/h2>\n\t\t\t\t\t<div class=\"wppizza-article-img\">\n\t\t\t<a href=\"https:\/\/restaurantehden.fr\/wp-content\/uploads\/2015\/05\/Samboussek-Viande.jpg\" rel=\"wppizzaPrettyPhoto\" title=\"Sambousek B\u0153uf (1 pi\u00e8ce)\">\t\t\t<img width=\"150\" height=\"150\" src=\"https:\/\/restaurantehden.fr\/wp-content\/uploads\/2015\/05\/Samboussek-Viande-150x150.jpg\" class=\"wppizza-article-img-thumb wp-post-image\" alt=\"\" loading=\"lazy\" title=\"Sambousek B\u0153uf (1 pi\u00e8ce)\" \/>\t\t\t<\/a>\t\t\t<\/div>\n\t\t\t<div class=\"wppizza-article-content\">\n\t\t<div id=\"wppizza-article-tiers-1023\" class=\"wppizza-article-tiers\">\n\n\t   \t\n\n\t   \t\t   \t\t<span id='wppizza-1023-91-0' class='wppizza-article-price  wppizza-add-to-cart'  title=\"Add to cart\">\n\t    \t\t<span>2.00 \u20ac<\/span>\n\t    \t\t\t    \t\t<div class='wppizza-article-price-lbl'>2,00<\/div>\n\t   \t\t\t\t   \t\t<\/span>\n\t   \t\n\t   \t\t\t<\/div>\n\t\t<div class=\"wppizza-article-info\">\n\t\t<p>Chausson farci \u00e0 la viande et aux pignons de pin<\/p>\n\t\t<\/div>\n<input type=\"hidden\" id=\"wppizza-category-1023\" value=\"15\" \/>\t<\/div>\n\t<\/article>\n\t<article id=\"post-1024\" class=\"wppizza-article entry-content wppizza-article-beignets-a-emporter-15 wppizza-article-last post-1024 wppizza type-wppizza status-publish has-post-thumbnail hentry wppizza_menu-beignets-a-emporter wppizza_menu-menu-traiteur\">\n\t\t\t<h2 id=\"wppizza-article-1024-81-0\" class=\"wppizza-article-title wppizza-trigger-click\">\n\t\t\tKebb\u00e9 Krass (1 pi\u00e8ce)\t\t\t\t\t<\/h2>\n\t\t\t\t\t<div class=\"wppizza-article-img\">\n\t\t\t<a href=\"https:\/\/restaurantehden.fr\/wp-content\/uploads\/2015\/05\/kebb\u00e9-kras2.jpg\" rel=\"wppizzaPrettyPhoto\" title=\"Kebb\u00e9 Krass (1 pi\u00e8ce)\">\t\t\t<img width=\"150\" height=\"150\" src=\"https:\/\/restaurantehden.fr\/wp-content\/uploads\/2015\/05\/kebb\u00e9-kras2-150x150.jpg\" class=\"wppizza-article-img-thumb wp-post-image\" alt=\"Kebb\u00e9 libanais traditionnel servi au restaurant Ehden \u00e0 Paris\" loading=\"lazy\" title=\"Kebb\u00e9 Krass (1 pi\u00e8ce)\" \/>\t\t\t<\/a>\t\t\t<\/div>\n\t\t\t<div class=\"wppizza-article-content\">\n\t\t<div id=\"wppizza-article-tiers-1024\" class=\"wppizza-article-tiers\">\n\n\t   \t\n\n\t   \t\t   \t\t<span id='wppizza-1024-81-0' class='wppizza-article-price  wppizza-add-to-cart'  title=\"Add to cart\">\n\t    \t\t<span>2.50 \u20ac<\/span>\n\t    \t\t\t    \t\t<div class='wppizza-article-price-lbl'><\/div>\n\t   \t\t\t\t   \t\t<\/span>\n\t   \t\n\t   \t\t\t<\/div>\n\t\t<div class=\"wppizza-article-info\">\n\t\t<p>Boulette de b\u0153uf au bl\u00e9 concass\u00e9 farcie \u00e0 la viande et aux pignons de pin<\/p>\n\t\t<\/div>\n<input type=\"hidden\" id=\"wppizza-category-1024\" value=\"15\" \/>\t<\/div>\n\t<\/article>","protected":false},"excerpt":{"rendered":"<p>Pour commander en ligne nos sp\u00e9cialit\u00e9s libanaises, veuillez cliquer sur le nom de l\u2019article ou sur son prix.<\/p>","protected":false},"author":2,"featured_media":0,"parent":26,"menu_order":0,"comment_status":"closed","ping_status":"closed","template":"","meta":[],"aioseo_notices":[],"_links":{"self":[{"href":"https:\/\/restaurantehden.fr\/en\/wp-json\/wp\/v2\/pages\/272"}],"collection":[{"href":"https:\/\/restaurantehden.fr\/en\/wp-json\/wp\/v2\/pages"}],"about":[{"href":"https:\/\/restaurantehden.fr\/en\/wp-json\/wp\/v2\/types\/page"}],"author":[{"embeddable":true,"href":"https:\/\/restaurantehden.fr\/en\/wp-json\/wp\/v2\/users\/2"}],"replies":[{"embeddable":true,"href":"https:\/\/restaurantehden.fr\/en\/wp-json\/wp\/v2\/comments?post=272"}],"version-history":[{"count":3,"href":"https:\/\/restaurantehden.fr\/en\/wp-json\/wp\/v2\/pages\/272\/revisions"}],"predecessor-version":[{"id":1551,"href":"https:\/\/restaurantehden.fr\/en\/wp-json\/wp\/v2\/pages\/272\/revisions\/1551"}],"up":[{"embeddable":true,"href":"https:\/\/restaurantehden.fr\/en\/wp-json\/wp\/v2\/pages\/26"}],"wp:attachment":[{"href":"https:\/\/restaurantehden.fr\/en\/wp-json\/wp\/v2\/media?parent=272"}],"curies":[{"name":"wp","href":"https:\/\/api.w.org\/{rel}","templated":true}]}}