{"id":28,"date":"2011-05-05T10:00:45","date_gmt":"2011-05-05T10:00:45","guid":{"rendered":"http:\/\/localhost\/ehden\/?page_id=28"},"modified":"2026-01-08T03:32:13","modified_gmt":"2026-01-08T02:32:13","slug":"reservations","status":"publish","type":"page","link":"https:\/\/restaurantehden.fr\/en\/reservations\/","title":{"rendered":"Reservations"},"content":{"rendered":"<p>Fancy savouring our Lebanese cuisine in the City of Lights?<br \/>\nCall us on 01.45.26.42.10<br \/>\nor<\/p>\n<p>Reserve a table online<\/p>\n<p>Thank you.<\/p>\n<p style=\"text-align: left;\"><em>The Ehden Restaurant team<\/em><\/p>","protected":false},"excerpt":{"rendered":"<p>Envi de\u00a0savourer notre cuisine libanaise dans la ville lumi\u00e8re ? Appelez nous au 01.45.26.42.10 ou R\u00e9server une table en ligne Merci. L&rsquo;\u00e9quipe du Restaurant Ehden<\/p>","protected":false},"author":2,"featured_media":0,"parent":0,"menu_order":5,"comment_status":"closed","ping_status":"closed","template":"","meta":[],"aioseo_notices":[],"_links":{"self":[{"href":"https:\/\/restaurantehden.fr\/en\/wp-json\/wp\/v2\/pages\/28"}],"collection":[{"href":"https:\/\/restaurantehden.fr\/en\/wp-json\/wp\/v2\/pages"}],"about":[{"href":"https:\/\/restaurantehden.fr\/en\/wp-json\/wp\/v2\/types\/page"}],"author":[{"embeddable":true,"href":"https:\/\/restaurantehden.fr\/en\/wp-json\/wp\/v2\/users\/2"}],"replies":[{"embeddable":true,"href":"https:\/\/restaurantehden.fr\/en\/wp-json\/wp\/v2\/comments?post=28"}],"version-history":[{"count":19,"href":"https:\/\/restaurantehden.fr\/en\/wp-json\/wp\/v2\/pages\/28\/revisions"}],"predecessor-version":[{"id":2260,"href":"https:\/\/restaurantehden.fr\/en\/wp-json\/wp\/v2\/pages\/28\/revisions\/2260"}],"wp:attachment":[{"href":"https:\/\/restaurantehden.fr\/en\/wp-json\/wp\/v2\/media?parent=28"}],"curies":[{"name":"wp","href":"https:\/\/api.w.org\/{rel}","templated":true}]}}