{"id":299,"date":"2011-06-20T10:17:03","date_gmt":"2011-06-20T10:17:03","guid":{"rendered":"http:\/\/localhost\/ehden\/?page_id=299"},"modified":"2017-04-12T20:01:38","modified_gmt":"2017-04-12T18:01:38","slug":"sandwich","status":"publish","type":"page","link":"https:\/\/restaurantehden.fr\/en\/traiteur\/sandwich\/","title":{"rendered":"Nos sandwichs"},"content":{"rendered":"<p style=\"text-align: justify;\">\t<article id=\"post-1437\" class=\"wppizza-article entry-content wppizza-article-sandwichs-17 wppizza-article-first post-1437 wppizza type-wppizza status-publish has-post-thumbnail hentry wppizza_menu-menu-traiteur wppizza_menu-sandwichs\">\n\t\t\t<h2 id=\"wppizza-article-1437-103-0\" class=\"wppizza-article-title wppizza-trigger-click\">\n\t\t\tshawarma chicken\t\t\t\t\t<\/h2>\n\t\t\t\t\t<div class=\"wppizza-article-img\">\n\t\t\t<a href=\"https:\/\/restaurantehden.fr\/wp-content\/uploads\/2015\/06\/chickenshawarma.jpg\" rel=\"wppizzaPrettyPhoto\" title=\"shawarma chicken\">\t\t\t<img width=\"150\" height=\"150\" src=\"https:\/\/restaurantehden.fr\/wp-content\/uploads\/2015\/06\/chickenshawarma-150x150.jpg\" class=\"wppizza-article-img-thumb wp-post-image\" alt=\"Sandwich chawarma poulet libanais au restaurant Ehden \u00e0 Paris\" loading=\"lazy\" title=\"shawarma chicken\" \/>\t\t\t<\/a>\t\t\t<\/div>\n\t\t\t<div class=\"wppizza-article-content\">\n\t\t<div id=\"wppizza-article-tiers-1437\" class=\"wppizza-article-tiers\">\n\n\t   \t\n\n\t   \t\t   \t\t<span id='wppizza-1437-103-0' class='wppizza-article-price  wppizza-add-to-cart'  title=\"Add to cart\">\n\t    \t\t<span>9.90 \u20ac<\/span>\n\t    \t\t\t    \t\t<div class='wppizza-article-price-lbl'><\/div>\n\t   \t\t\t\t   \t\t<\/span>\n\t   \t\n\t   \t\t\t<\/div>\n\t\t<div class=\"wppizza-article-info\">\n\t\t<p>chicken breast, lettuce, pickles, and a light garlic cream sauce<\/p>\n\t\t<\/div>\n<input type=\"hidden\" id=\"wppizza-category-1437\" value=\"17\" \/>\t<\/div>\n\t<\/article>\n\t<article id=\"post-1015\" class=\"wppizza-article entry-content wppizza-article-sandwichs-17 post-1015 wppizza type-wppizza status-publish has-post-thumbnail hentry wppizza_menu-menu-traiteur wppizza_menu-sandwichs\">\n\t\t\t<h2 id=\"wppizza-article-1015-102-0\" class=\"wppizza-article-title wppizza-trigger-click\">\n\t\t\tFalafel Sandwich\t\t\t\t\t<\/h2>\n\t\t\t\t\t<div class=\"wppizza-article-img\">\n\t\t\t<a href=\"https:\/\/restaurantehden.fr\/wp-content\/uploads\/2015\/05\/sandwich-falafel.jpg\" rel=\"wppizzaPrettyPhoto\" title=\"Falafel Sandwich\">\t\t\t<img width=\"150\" height=\"150\" src=\"https:\/\/restaurantehden.fr\/wp-content\/uploads\/2015\/05\/sandwich-falafel-150x150.jpg\" class=\"wppizza-article-img-thumb wp-post-image\" alt=\"Sandwich falafel libanais maison au restaurant Ehden \u00e0 Paris\" loading=\"lazy\" title=\"Falafel Sandwich\" \/>\t\t\t<\/a>\t\t\t<\/div>\n\t\t\t<div class=\"wppizza-article-content\">\n\t\t<div id=\"wppizza-article-tiers-1015\" class=\"wppizza-article-tiers\">\n\n\t   \t\n\n\t   \t\t   \t\t<span id='wppizza-1015-102-0' class='wppizza-article-price  wppizza-add-to-cart'  title=\"Add to cart\">\n\t    \t\t<span>7.90 \u20ac<\/span>\n\t    \t\t\t    \t\t<div class='wppizza-article-price-lbl'><\/div>\n\t   \t\t\t\t   \t\t<\/span>\n\t   \t\n\t   \t\t\t<\/div>\n\t\t<div class=\"wppizza-article-info\">\n\t\t<p>Mashed fava bean and chickpea patties, with lettuce, tomato and sesame cream (tahini)<\/p>\n\t\t<\/div>\n<input type=\"hidden\" id=\"wppizza-category-1015\" value=\"17\" \/>\t<\/div>\n\t<\/article>\n\t<article id=\"post-1016\" class=\"wppizza-article entry-content wppizza-article-sandwichs-17 post-1016 wppizza type-wppizza status-publish has-post-thumbnail hentry wppizza_menu-menu-traiteur wppizza_menu-sandwichs\">\n\t\t\t<h2 id=\"wppizza-article-1016-86-0\" class=\"wppizza-article-title wppizza-trigger-click\">\n\t\t\tchicken liver sandwich\t\t\t\t\t<\/h2>\n\t\t\t\t\t<div class=\"wppizza-article-img\">\n\t\t\t<a href=\"https:\/\/restaurantehden.fr\/wp-content\/uploads\/2015\/05\/sandwich-foie-de-volailles.jpg\" rel=\"wppizzaPrettyPhoto\" title=\"chicken liver sandwich\">\t\t\t<img width=\"150\" height=\"150\" src=\"https:\/\/restaurantehden.fr\/wp-content\/uploads\/2015\/05\/sandwich-foie-de-volailles-150x150.jpg\" class=\"wppizza-article-img-thumb wp-post-image\" alt=\"\" loading=\"lazy\" title=\"chicken liver sandwich\" \/>\t\t\t<\/a>\t\t\t<\/div>\n\t\t\t<div class=\"wppizza-article-content\">\n\t\t<div id=\"wppizza-article-tiers-1016\" class=\"wppizza-article-tiers\">\n\n\t   \t\n\n\t   \t\t   \t\t<span id='wppizza-1016-86-0' class='wppizza-article-price  wppizza-add-to-cart'  title=\"Add to cart\">\n\t    \t\t<span>6.50 \u20ac<\/span>\n\t    \t\t\t    \t\t<div class='wppizza-article-price-lbl'><\/div>\n\t   \t\t\t\t   \t\t<\/span>\n\t   \t\n\t   \t\t\t<\/div>\n\t\t<div class=\"wppizza-article-info\">\n\t\t<p>chicken liver, lettuce, tomato and garlic cream<\/p>\n\t\t<\/div>\n<input type=\"hidden\" id=\"wppizza-category-1016\" value=\"17\" \/>\t<\/div>\n\t<\/article>\n\t<article id=\"post-1017\" class=\"wppizza-article entry-content wppizza-article-sandwichs-17 post-1017 wppizza type-wppizza status-publish has-post-thumbnail hentry wppizza_menu-menu-traiteur wppizza_menu-sandwichs\">\n\t\t\t<h2 id=\"wppizza-article-1017-103-0\" class=\"wppizza-article-title wppizza-trigger-click\">\n\t\t\tSandwich kafta\t\t\t\t\t<\/h2>\n\t\t\t\t\t<div class=\"wppizza-article-img\">\n\t\t\t<a href=\"https:\/\/restaurantehden.fr\/wp-content\/uploads\/2015\/05\/sandwich-kafta.jpg\" rel=\"wppizzaPrettyPhoto\" title=\"Sandwich kafta\">\t\t\t<img width=\"150\" height=\"150\" src=\"https:\/\/restaurantehden.fr\/wp-content\/uploads\/2015\/05\/sandwich-kafta-150x150.jpg\" class=\"wppizza-article-img-thumb wp-post-image\" alt=\"Sandwich kafta libanais au restaurant Ehden \u00e0 Paris 10\" loading=\"lazy\" title=\"Sandwich kafta\" \/>\t\t\t<\/a>\t\t\t<\/div>\n\t\t\t<div class=\"wppizza-article-content\">\n\t\t<div id=\"wppizza-article-tiers-1017\" class=\"wppizza-article-tiers\">\n\n\t   \t\n\n\t   \t\t   \t\t<span id='wppizza-1017-103-0' class='wppizza-article-price  wppizza-add-to-cart'  title=\"Add to cart\">\n\t    \t\t<span>9.90 \u20ac<\/span>\n\t    \t\t\t    \t\t<div class='wppizza-article-price-lbl'><\/div>\n\t   \t\t\t\t   \t\t<\/span>\n\t   \t\n\t   \t\t\t<\/div>\n\t\t<div class=\"wppizza-article-info\">\n\t\t<p>Grilled minced beef skewer, lettuce, tomato, a pinch of parsley and hummus<\/p>\n\t\t<\/div>\n<input type=\"hidden\" id=\"wppizza-category-1017\" value=\"17\" \/>\t<\/div>\n\t<\/article>\n\t<article id=\"post-1019\" class=\"wppizza-article entry-content wppizza-article-sandwichs-17 post-1019 wppizza type-wppizza status-publish has-post-thumbnail hentry wppizza_menu-menu-traiteur wppizza_menu-sandwichs\">\n\t\t\t<h2 id=\"wppizza-article-1019-103-0\" class=\"wppizza-article-title wppizza-trigger-click\">\n\t\t\tChawarma Boeuf\t\t\t\t\t<\/h2>\n\t\t\t\t\t<div class=\"wppizza-article-img\">\n\t\t\t<a href=\"https:\/\/restaurantehden.fr\/wp-content\/uploads\/2015\/05\/sandwich-chawarma-boeuf.jpg\" rel=\"wppizzaPrettyPhoto\" title=\"Chawarma Boeuf\">\t\t\t<img width=\"150\" height=\"150\" src=\"https:\/\/restaurantehden.fr\/wp-content\/uploads\/2015\/05\/sandwich-chawarma-boeuf-150x150.jpg\" class=\"wppizza-article-img-thumb wp-post-image\" alt=\"\" loading=\"lazy\" title=\"Chawarma Boeuf\" \/>\t\t\t<\/a>\t\t\t<\/div>\n\t\t\t<div class=\"wppizza-article-content\">\n\t\t<div id=\"wppizza-article-tiers-1019\" class=\"wppizza-article-tiers\">\n\n\t   \t\n\n\t   \t\t   \t\t<span id='wppizza-1019-103-0' class='wppizza-article-price  wppizza-add-to-cart'  title=\"Add to cart\">\n\t    \t\t<span>9.90 \u20ac<\/span>\n\t    \t\t\t    \t\t<div class='wppizza-article-price-lbl'><\/div>\n\t   \t\t\t\t   \t\t<\/span>\n\t   \t\n\t   \t\t\t<\/div>\n\t\t<div class=\"wppizza-article-info\">\n\t\t<p>\u00c9minc\u00e9 de\u00a0B\u0153uf, salade, tomate, et cr\u00e8me de s\u00e9same.<\/p>\n\t\t<\/div>\n<input type=\"hidden\" id=\"wppizza-category-1019\" value=\"17\" \/>\t<\/div>\n\t<\/article>\n\t<article id=\"post-1020\" class=\"wppizza-article entry-content wppizza-article-sandwichs-17 post-1020 wppizza type-wppizza status-publish has-post-thumbnail hentry wppizza_menu-menu-traiteur wppizza_menu-sandwichs\">\n\t\t\t<h2 id=\"wppizza-article-1020-103-0\" class=\"wppizza-article-title wppizza-trigger-click\">\n\t\t\tChiche Taouk\t\t\t\t\t<\/h2>\n\t\t\t\t\t<div class=\"wppizza-article-img\">\n\t\t\t<a href=\"https:\/\/restaurantehden.fr\/wp-content\/uploads\/2015\/05\/sandwich-Shish-Taouk.jpg\" rel=\"wppizzaPrettyPhoto\" title=\"Chiche Taouk\">\t\t\t<img width=\"150\" height=\"150\" src=\"https:\/\/restaurantehden.fr\/wp-content\/uploads\/2015\/05\/sandwich-Shish-Taouk-150x150.jpg\" class=\"wppizza-article-img-thumb wp-post-image\" alt=\"Sandwich shish taouk libanais au restaurant Ehden \u00e0 Paris\" loading=\"lazy\" title=\"Chiche Taouk\" \/>\t\t\t<\/a>\t\t\t<\/div>\n\t\t\t<div class=\"wppizza-article-content\">\n\t\t<div id=\"wppizza-article-tiers-1020\" class=\"wppizza-article-tiers\">\n\n\t   \t\n\n\t   \t\t   \t\t<span id='wppizza-1020-103-0' class='wppizza-article-price  wppizza-add-to-cart'  title=\"Add to cart\">\n\t    \t\t<span>9.90 \u20ac<\/span>\n\t    \t\t\t    \t\t<div class='wppizza-article-price-lbl'><\/div>\n\t   \t\t\t\t   \t\t<\/span>\n\t   \t\n\t   \t\t\t<\/div>\n\t\t<div class=\"wppizza-article-info\">\n\t\t<p>Brochette de poulet, salade, cornichons, pdt<\/p>\n\t\t<\/div>\n<input type=\"hidden\" id=\"wppizza-category-1020\" value=\"17\" \/>\t<\/div>\n\t<\/article>\n\t<article id=\"post-1510\" class=\"wppizza-article entry-content wppizza-article-sandwichs-17 wppizza-article-last post-1510 wppizza type-wppizza status-publish hentry wppizza_menu-assiettes-midi-a-emporter wppizza_menu-menu-traiteur wppizza_menu-sandwichs\">\n\t\t\t<h2 id=\"wppizza-article-1510-92-0\" class=\"wppizza-article-title wppizza-trigger-click\">\n\t\t\tSuppl\u00e9ment\/ portion frites\t\t\t\t\t<\/h2>\n\t\t\t<div class=\"wppizza-article-content\">\n\t\t<div id=\"wppizza-article-tiers-1510\" class=\"wppizza-article-tiers\">\n\n\t   \t\n\n\t   \t\t   \t\t<span id='wppizza-1510-92-0' class='wppizza-article-price  wppizza-add-to-cart'  title=\"Add to cart\">\n\t    \t\t<span>4.50 \u20ac<\/span>\n\t    \t\t\t    \t\t<div class='wppizza-article-price-lbl'><\/div>\n\t   \t\t\t\t   \t\t<\/span>\n\t   \t\n\t   \t\t\t<\/div>\n\t\t<div class=\"wppizza-article-info\">\n\t\t\t\t<\/div>\n<input type=\"hidden\" id=\"wppizza-category-1510\" value=\"17\" \/>\t<\/div>\n\t<\/article>\n<\/p>","protected":false},"excerpt":{"rendered":"","protected":false},"author":2,"featured_media":0,"parent":26,"menu_order":0,"comment_status":"closed","ping_status":"open","template":"","meta":[],"aioseo_notices":[],"_links":{"self":[{"href":"https:\/\/restaurantehden.fr\/en\/wp-json\/wp\/v2\/pages\/299"}],"collection":[{"href":"https:\/\/restaurantehden.fr\/en\/wp-json\/wp\/v2\/pages"}],"about":[{"href":"https:\/\/restaurantehden.fr\/en\/wp-json\/wp\/v2\/types\/page"}],"author":[{"embeddable":true,"href":"https:\/\/restaurantehden.fr\/en\/wp-json\/wp\/v2\/users\/2"}],"replies":[{"embeddable":true,"href":"https:\/\/restaurantehden.fr\/en\/wp-json\/wp\/v2\/comments?post=299"}],"version-history":[{"count":2,"href":"https:\/\/restaurantehden.fr\/en\/wp-json\/wp\/v2\/pages\/299\/revisions"}],"predecessor-version":[{"id":1512,"href":"https:\/\/restaurantehden.fr\/en\/wp-json\/wp\/v2\/pages\/299\/revisions\/1512"}],"up":[{"embeddable":true,"href":"https:\/\/restaurantehden.fr\/en\/wp-json\/wp\/v2\/pages\/26"}],"wp:attachment":[{"href":"https:\/\/restaurantehden.fr\/en\/wp-json\/wp\/v2\/media?parent=299"}],"curies":[{"name":"wp","href":"https:\/\/api.w.org\/{rel}","templated":true}]}}