{"id":30,"date":"2011-05-05T10:05:33","date_gmt":"2011-05-05T08:05:33","guid":{"rendered":"http:\/\/localhost\/ehden\/?page_id=30"},"modified":"2026-02-16T12:22:32","modified_gmt":"2026-02-16T11:22:32","slug":"plan-dacces","status":"publish","type":"page","link":"https:\/\/restaurantehden.fr\/en\/plan-dacces\/","title":{"rendered":"Plan d&rsquo;acc\u00e8s"},"content":{"rendered":"<p><strong>Bienvenue au Restaurant EHDEN <\/strong><\/p>\n<div class=\"bboxes\">69, rue de Maubeuge<br \/>\n75010 Paris<br \/>\n<strong>M\u00e9tro<\/strong>: Possonni\u00e8re, Gare du Nord<\/div>\n<div class=\"bboxes\"><strong>Horaires d&rsquo;ouverture<\/strong>: 12h &#8211; 15h et 18h30 &#8211; 23h.<br \/>\n<strong>T\u00e9l:\u00a0 \u00a0<\/strong> 01 45 26 42 10<br \/>\n<strong>E-Mail:<\/strong> contact@restaurantehden.fr<\/div>\n<p><iframe loading=\"lazy\" style=\"border: 0px currentColor;\" src=\"https:\/\/www.google.com\/maps\/embed?pb=!1m18!1m12!1m3!1d2623.8579733008387!2d2.3501709999999955!3d48.879984!2m3!1f0!2f0!3f0!3m2!1i1024!2i768!4f13.1!3m3!1m2!1s0x47e66e6bb9b37333%3A0x53acaf8bf07d5aab!2sRestaurant+Traiteur+libanais+Ehden!5e0!3m2!1sfr!2sfr!4v1432045749163\" width=\"600\" height=\"450\" frameborder=\"0\"><\/iframe><br \/>\n<small><a style=\"color: #0000ff; text-align: left;\" href=\"http:\/\/maps.google.fr\/maps?hl=fr&amp;q=69+rue+maubeuge&amp;ie=UTF8&amp;hq=&amp;hnear=69+Rue+de+Maubeuge,+75010+Paris,+%C3%8Ele-de-France&amp;gl=fr&amp;sqi=2&amp;t=m&amp;vpsrc=6&amp;ll=48.881453,2.35219&amp;spn=0.010724,0.027466&amp;z=15&amp;source=embed\">Agrandir le plan<\/a><\/small><\/p>","protected":false},"excerpt":{"rendered":"<p>Bienvenue au Restaurant EHDEN 69, rue de Maubeuge 75010 Paris M\u00e9tro: Possonni\u00e8re, Gare du Nord Horaires d&rsquo;ouverture: 12h &#8211; 15h et 18h30 &#8211; 23h. T\u00e9l:\u00a0 \u00a0 01 45 26 42 10 E-Mail: contact@restaurantehden.fr Agrandir le plan<\/p>","protected":false},"author":2,"featured_media":0,"parent":0,"menu_order":6,"comment_status":"closed","ping_status":"closed","template":"","meta":[],"aioseo_notices":[],"_links":{"self":[{"href":"https:\/\/restaurantehden.fr\/en\/wp-json\/wp\/v2\/pages\/30"}],"collection":[{"href":"https:\/\/restaurantehden.fr\/en\/wp-json\/wp\/v2\/pages"}],"about":[{"href":"https:\/\/restaurantehden.fr\/en\/wp-json\/wp\/v2\/types\/page"}],"author":[{"embeddable":true,"href":"https:\/\/restaurantehden.fr\/en\/wp-json\/wp\/v2\/users\/2"}],"replies":[{"embeddable":true,"href":"https:\/\/restaurantehden.fr\/en\/wp-json\/wp\/v2\/comments?post=30"}],"version-history":[{"count":3,"href":"https:\/\/restaurantehden.fr\/en\/wp-json\/wp\/v2\/pages\/30\/revisions"}],"predecessor-version":[{"id":2341,"href":"https:\/\/restaurantehden.fr\/en\/wp-json\/wp\/v2\/pages\/30\/revisions\/2341"}],"wp:attachment":[{"href":"https:\/\/restaurantehden.fr\/en\/wp-json\/wp\/v2\/media?parent=30"}],"curies":[{"name":"wp","href":"https:\/\/api.w.org\/{rel}","templated":true}]}}