{"id":40,"date":"2011-05-05T10:48:45","date_gmt":"2011-05-05T10:48:45","guid":{"rendered":"http:\/\/localhost\/ehden\/?page_id=40"},"modified":"2023-05-03T13:29:53","modified_gmt":"2023-05-03T11:29:53","slug":"entrees-froides","status":"publish","type":"page","link":"https:\/\/restaurantehden.fr\/en\/menu-sur-place\/entrees-froides\/","title":{"rendered":"Cold mezze"},"content":{"rendered":"<table style=\"height: 372px;\" width=\"624\">\n<tbody>\n<tr>\n<td><span style=\"color: #4d1712; font-weight: bold;\">Taboul\u00e9<\/span><br \/>\nSalade de persil plat, tomate, bl\u00e9 concass\u00e9, oignons \u00e0 l\u2019huile d\u2019olives<\/td>\n<td style=\"text-align: right;\">6,90 \u20ac<\/td>\n<\/tr>\n<tr>\n<td><span style=\"color: #4d1712; font-weight: bold;\">Hommos<\/span><br \/>\nPur\u00e9e de pois chiches \u00e0 la cr\u00e8me de s\u00e9same et au citron<\/td>\n<td style=\"text-align: right;\">6,90 \u20ac<\/td>\n<\/tr>\n<tr>\n<td><span style=\"color: #4d1712; font-weight: bold;\">Moutabal<\/span><br \/>\nCaviar d\u2019aubergines r\u00f4ties, \u00e0 la cr\u00e8me de s\u00e9same et au citron<\/td>\n<td style=\"text-align: right;\">6,90 \u20ac<\/td>\n<\/tr>\n<tr>\n<td><span style=\"color: #4d1712; font-weight: bold;\">Labne - Fresh cheese with garlic at mint<\/span><br \/>\nFresh cheese with garlic and mint<\/td>\n<td style=\"text-align: right;\">6,00 \u20ac<\/td>\n<\/tr>\n<tr>\n<td><span style=\"color: #4d1712; font-weight: bold;\">Laban concombre<\/span><br \/>\nYourt frais, concombre et menthe<\/td>\n<td style=\"text-align: right;\">6,50 \u20ac<\/td>\n<\/tr>\n<tr>\n<td><span style=\"color: #4d1712; font-weight: bold;\">Chanklich<\/span><br \/>\nSalade de fromage f\u00eata<\/td>\n<td>\n<div class=\"prixe\" style=\"text-align: right;\">6,50 \u20ac<\/div>\n<\/td>\n<\/tr>\n<tr>\n<td><span style=\"color: #4d1712; font-weight: bold;\">Salade orientale<\/span><br \/>\nTomate, laitue, concombre, oignons, poivron, citron, huile d&rsquo;olive<\/td>\n<td style=\"text-align: right;\">6,90 \u20ac<\/td>\n<\/tr>\n<tr>\n<td><span style=\"color: #4d1712; font-weight: bold;\">Salade d&rsquo;aubergines<\/span><br \/>\nAubergines grill\u00e9es, poivron, oignon, huile d&rsquo;olives, citron<\/td>\n<td>\n<div class=\"prixe\" style=\"text-align: right;\">6,90 \u20ac<\/div>\n<\/td>\n<\/tr>\n<tr>\n<td><span style=\"color: #4d1712; font-weight: bold;\">Fattouche<\/span><br \/>\nSalade orientale avec du pain grill\u00e9<\/td>\n<td style=\"text-align: right;\">6,90 \u20ac<\/td>\n<\/tr>\n<tr>\n<td><span style=\"color: #4d1712; font-weight: bold;\">Loubieh bel zeit (indisponible)<\/span><br \/>\nHaricots verts \u00e0 la tomate<\/td>\n<td style=\"text-align: right;\">6,00 \u20ac<\/td>\n<\/tr>\n<tr>\n<td><span style=\"color: #4d1712; font-weight: bold;\">Mousaakaa<\/span><br \/>\nAubergines, sauce tomate, pois chiches et oignon<\/td>\n<td>\n<div class=\"prixe\" style=\"text-align: right;\">7,50 \u20ac<\/div>\n<\/td>\n<\/tr>\n<tr>\n<td><span style=\"color: #4d1712; font-weight: bold;\">Warak Enab<\/span><br \/>\nFeuilles de vignes farcies au riz, tomate, persil, menthe<\/td>\n<td style=\"text-align: right;\">6,50 \u20ac<\/td>\n<\/tr>\n<tr>\n<td><span style=\"color: #4d1712; font-weight: bold;\">Lentils Salad<\/span><br \/>\nLentils, onions, tomato, parsley, with olive oil and lemon<\/td>\n<td style=\"text-align: right;\">6,50 \u20ac<\/td>\n<\/tr>\n<tr>\n<td><span style=\"color: #4d1712; font-weight: bold;\">Foul moudamas<\/span><br \/>\nF\u00e9v\u00e9s cuites \u00e0 l&rsquo;huile d&rsquo;olive et \u00e0 l&rsquo;ail<\/td>\n<td>\n<div class=\"prixe\" style=\"text-align: right;\">6,90\u20ac<\/div>\n<\/td>\n<\/tr>\n<tr>\n<td><span style=\"color: #4d1712; font-weight: bold;\">Poivrons farcis au fromage (indisponible)<\/span><\/td>\n<td style=\"text-align: right;\">7,50 \u20ac<\/td>\n<\/tr>\n<\/tbody>\n<\/table>","protected":false},"excerpt":{"rendered":"<p>Taboul\u00e9 Salade de persil plat, tomate, bl\u00e9 concass\u00e9, oignons \u00e0 l\u2019huile d\u2019olives 6,90 \u20ac Hommos Pur\u00e9e de pois chiches \u00e0 la cr\u00e8me de s\u00e9same et au citron 6,90 \u20ac Moutabal Caviar d\u2019aubergines r\u00f4ties, \u00e0 la cr\u00e8me de s\u00e9same et au citron 6,90 \u20ac Labn\u00e9 Fromage blanc avec ail et menthe 6,00 \u20ac Laban concombre Yourt [&hellip;]<\/p>","protected":false},"author":2,"featured_media":0,"parent":1180,"menu_order":0,"comment_status":"closed","ping_status":"open","template":"","meta":[],"aioseo_notices":[],"_links":{"self":[{"href":"https:\/\/restaurantehden.fr\/en\/wp-json\/wp\/v2\/pages\/40"}],"collection":[{"href":"https:\/\/restaurantehden.fr\/en\/wp-json\/wp\/v2\/pages"}],"about":[{"href":"https:\/\/restaurantehden.fr\/en\/wp-json\/wp\/v2\/types\/page"}],"author":[{"embeddable":true,"href":"https:\/\/restaurantehden.fr\/en\/wp-json\/wp\/v2\/users\/2"}],"replies":[{"embeddable":true,"href":"https:\/\/restaurantehden.fr\/en\/wp-json\/wp\/v2\/comments?post=40"}],"version-history":[{"count":3,"href":"https:\/\/restaurantehden.fr\/en\/wp-json\/wp\/v2\/pages\/40\/revisions"}],"predecessor-version":[{"id":2098,"href":"https:\/\/restaurantehden.fr\/en\/wp-json\/wp\/v2\/pages\/40\/revisions\/2098"}],"up":[{"embeddable":true,"href":"https:\/\/restaurantehden.fr\/en\/wp-json\/wp\/v2\/pages\/1180"}],"wp:attachment":[{"href":"https:\/\/restaurantehden.fr\/en\/wp-json\/wp\/v2\/media?parent=40"}],"curies":[{"name":"wp","href":"https:\/\/api.w.org\/{rel}","templated":true}]}}