{"id":47,"date":"2011-05-09T07:42:08","date_gmt":"2011-05-09T07:42:08","guid":{"rendered":"http:\/\/localhost\/ehden\/?page_id=47"},"modified":"2024-12-04T17:42:59","modified_gmt":"2024-12-04T16:42:59","slug":"nos-menus-sur-place","status":"publish","type":"page","link":"https:\/\/restaurantehden.fr\/en\/menu-sur-place\/nos-menus-sur-place\/","title":{"rendered":"Tasting menu"},"content":{"rendered":"<pre style=\"text-align: center;\"><span style=\"color: #4d1712; font-size: 150%;\"><strong>Menu d\u00e9gustation - 25,50\u20ac<\/strong><\/span><\/pre>\n<h3 style=\"text-align: center;\"><span style=\"color: #4d1712;\"><strong>3 Mezz\u00e9s<\/strong><\/span><\/h3>\n<p style=\"text-align: center;\">Taboul\u00e9, hommos et caviar d\u2019aubergines<\/p>\n<h3 style=\"text-align: center;\"><span style=\"color: #4d1712;\"><strong>Plat<\/strong><\/span><\/h3>\n<p style=\"text-align: center;\">Chawarma Boeuf ou Poulet<\/p>\n<p style=\"text-align: center;\"><strong>* Garnitures aux choix : pommes de terre saut\u00e9es, riz, bl\u00e9<\/strong><\/p>\n<p style=\"text-align: center;\"><strong style=\"color: #4d1712; font-size: 1.56em;\">Th\u00e9, caf\u00e9 ou dessert\u00a0<\/strong><\/p>\n<p style=\"text-align: center;\">***********<\/p>\n<p style=\"text-align: center;\">","protected":false},"excerpt":{"rendered":"<p>Menu d\u00e9gustation &#8211; 25,50\u20ac 3 Mezz\u00e9s Taboul\u00e9, hommos et caviar d\u2019aubergines Plat Chawarma Boeuf ou Poulet * Garnitures aux choix : pommes de terre saut\u00e9es, riz, bl\u00e9 Th\u00e9, caf\u00e9 ou dessert\u00a0 ***********<\/p>","protected":false},"author":2,"featured_media":0,"parent":1180,"menu_order":0,"comment_status":"closed","ping_status":"open","template":"","meta":[],"aioseo_notices":[],"_links":{"self":[{"href":"https:\/\/restaurantehden.fr\/en\/wp-json\/wp\/v2\/pages\/47"}],"collection":[{"href":"https:\/\/restaurantehden.fr\/en\/wp-json\/wp\/v2\/pages"}],"about":[{"href":"https:\/\/restaurantehden.fr\/en\/wp-json\/wp\/v2\/types\/page"}],"author":[{"embeddable":true,"href":"https:\/\/restaurantehden.fr\/en\/wp-json\/wp\/v2\/users\/2"}],"replies":[{"embeddable":true,"href":"https:\/\/restaurantehden.fr\/en\/wp-json\/wp\/v2\/comments?post=47"}],"version-history":[{"count":3,"href":"https:\/\/restaurantehden.fr\/en\/wp-json\/wp\/v2\/pages\/47\/revisions"}],"predecessor-version":[{"id":2153,"href":"https:\/\/restaurantehden.fr\/en\/wp-json\/wp\/v2\/pages\/47\/revisions\/2153"}],"up":[{"embeddable":true,"href":"https:\/\/restaurantehden.fr\/en\/wp-json\/wp\/v2\/pages\/1180"}],"wp:attachment":[{"href":"https:\/\/restaurantehden.fr\/en\/wp-json\/wp\/v2\/media?parent=47"}],"curies":[{"name":"wp","href":"https:\/\/api.w.org\/{rel}","templated":true}]}}