{"id":51,"date":"2011-05-09T07:44:46","date_gmt":"2011-05-09T07:44:46","guid":{"rendered":"http:\/\/localhost\/ehden\/?page_id=51"},"modified":"2025-12-29T20:39:33","modified_gmt":"2025-12-29T19:39:33","slug":"plat-du-jour","status":"publish","type":"page","link":"https:\/\/restaurantehden.fr\/en\/menu-sur-place\/plat-du-jour\/","title":{"rendered":"Vegetarian plate &amp; Mezz\u00e9"},"content":{"rendered":"<p style=\"text-align: left;\"><strong>Vegetarian plate\u00a0<\/strong><\/p>\n<p style=\"text-align: left;\">Tabbouleh, hommos, Moussaka, lentil salad, falafel, spinach fatayer with wheat or rice<\/p>\n\n\n<p><strong>Mezze plate <\/strong> <\/p>\n\n\n\n<p>Tabbouleh, hommos, Moussaka, falafel, beef sambousek, cheese sambousek, wheat or rice side dishes<br><\/p>\n\n\n\n<p>                                                                                              <\/p>","protected":false},"excerpt":{"rendered":"<p>Assiette v\u00e9g\u00e9tarienne\u00a0 Taboul\u00e9, hommos, Moussaka, salade de lentilles, falafel, fatayer aux \u00e9pinards avec du bl\u00e9 ou du riz Assiette Mezz\u00e9 Taboul\u00e9, hommos, Moussaka, falafel, sambousek boeuf, sambousek fromage, accompagnement bl\u00e9 ou riz<\/p>","protected":false},"author":2,"featured_media":0,"parent":1180,"menu_order":0,"comment_status":"closed","ping_status":"open","template":"","meta":[],"aioseo_notices":[],"_links":{"self":[{"href":"https:\/\/restaurantehden.fr\/en\/wp-json\/wp\/v2\/pages\/51"}],"collection":[{"href":"https:\/\/restaurantehden.fr\/en\/wp-json\/wp\/v2\/pages"}],"about":[{"href":"https:\/\/restaurantehden.fr\/en\/wp-json\/wp\/v2\/types\/page"}],"author":[{"embeddable":true,"href":"https:\/\/restaurantehden.fr\/en\/wp-json\/wp\/v2\/users\/2"}],"replies":[{"embeddable":true,"href":"https:\/\/restaurantehden.fr\/en\/wp-json\/wp\/v2\/comments?post=51"}],"version-history":[{"count":3,"href":"https:\/\/restaurantehden.fr\/en\/wp-json\/wp\/v2\/pages\/51\/revisions"}],"predecessor-version":[{"id":2194,"href":"https:\/\/restaurantehden.fr\/en\/wp-json\/wp\/v2\/pages\/51\/revisions\/2194"}],"up":[{"embeddable":true,"href":"https:\/\/restaurantehden.fr\/en\/wp-json\/wp\/v2\/pages\/1180"}],"wp:attachment":[{"href":"https:\/\/restaurantehden.fr\/en\/wp-json\/wp\/v2\/media?parent=51"}],"curies":[{"name":"wp","href":"https:\/\/api.w.org\/{rel}","templated":true}]}}