{"id":60,"date":"2011-05-09T07:53:09","date_gmt":"2011-05-09T07:53:09","guid":{"rendered":"http:\/\/localhost\/ehden\/?page_id=60"},"modified":"2024-12-04T17:24:41","modified_gmt":"2024-12-04T16:24:41","slug":"entrees-chaudes","status":"publish","type":"page","link":"https:\/\/restaurantehden.fr\/en\/menu-sur-place\/entrees-chaudes\/","title":{"rendered":"Hot Mezz\u00e9s"},"content":{"rendered":"<table>\n<tbody>\n<tr>\n<td><span style=\"color: #4d1712; font-weight: bold;\">Arayess<\/span><br \/>\nLebanese bread stuffed with beef<\/td>\n<td style=\"text-align: right;\">8,50 \u20ac<\/td>\n<\/tr>\n<tr>\n<td><span style=\"color: #4d1712; font-weight: bold;\">Kellege<\/span><br \/>\nLebanese bread stuffed with cheese<\/td>\n<td style=\"text-align: right;\">7,50 \u20ac<\/td>\n<\/tr>\n<tr>\n<td><span style=\"color: #4d1712; font-weight: bold;\">Sawda-chicken liver<\/span><br \/>\nPoultry liver deglazed with pomegranate molasses and coriander<\/td>\n<td style=\"text-align: right;\">7,00 \u20ac<\/td>\n<\/tr>\n<tr>\n<td><span style=\"color: #4d1712; font-weight: bold;\">chicken wings<\/span><br \/>\nChicken wings flamb\u00e9ed with garlic and lemon<\/td>\n<td style=\"text-align: right;\">7,50 \u20ac<\/td>\n<\/tr>\n<tr>\n<td><span style=\"color: #4d1712; font-weight: bold;\">Makanek (unavailable)<\/span><br \/>\nPan-fried lemon beef sausages<\/td>\n<td style=\"text-align: right;\">9,50 \u20ac<\/td>\n<\/tr>\n<tr>\n<td><span style=\"color: #4d1712; font-weight: bold;\">Sojok (unavailable)<\/span><br \/>\nSpicy beef sausages flamb\u00e9ed with lemon<\/td>\n<td>\n<p class=\"prixe\" style=\"text-align: right;\">9,50 \u20ac<\/p>\n<\/td>\n<\/tr>\n<tr>\n<td><span style=\"color: #4d1712; font-weight: bold;\">Hommos chawarma<\/span><br \/>\nChickpea pur\u00e9e, served with pan-fried meat and pine nuts<\/td>\n<td style=\"text-align: right;\">10,50 \u20ac<\/td>\n<\/tr>\n<tr>\n<td><span style=\"color: #4d1712; font-weight: bold;\">Falafel<\/span><br \/>\nBean and chickpea croquettes (4 pieces)<\/td>\n<td style=\"text-align: right;\">8,50 \u20ac<\/td>\n<\/tr>\n<tr>\n<td><span style=\"color: #4d1712; font-weight: bold;\">Fatayer (4 pieces)<\/span><br \/>\nTurnovers stuffed with spinach and pine nuts, flavoured with thyme<\/td>\n<td>\n<p class=\"prixe\" style=\"text-align: right;\">8,50 \u20ac<\/p>\n<\/td>\n<\/tr>\n<tr>\n<td><span style=\"color: #4d1712; font-weight: bold;\">Rakakat (4 pieces)<\/span><br \/>\nThree-spice cheese puff pastry<\/td>\n<td>\n<p class=\"prixe\" style=\"text-align: right;\">8,50 \u20ac<\/p>\n<\/td>\n<\/tr>\n<tr>\n<td><span style=\"color: #4d1712; font-weight: bold;\">Sambousek J\u00e9bn\u00e9 (4 rooms)<\/span><br \/>\nCheese turnovers<\/td>\n<td>\n<p class=\"prixe\" style=\"text-align: right;\">8,50 \u20ac<\/p>\n<\/td>\n<\/tr>\n<tr>\n<td><span style=\"color: #4d1712; font-weight: bold;\">Sambousek Beef (4 pieces)<\/span><br \/>\nTurnovers stuffed with meat and pine nuts<\/td>\n<td>\n<p class=\"prixe\" style=\"text-align: right;\">8,50 \u20ac<\/p>\n<\/td>\n<\/tr>\n<tr>\n<td><span style=\"color: #4d1712; font-weight: bold;\">Kebb\u00e9 KRASS<\/span><br \/>\nBeef meatballs with cracked wheat and pine nuts<\/td>\n<td>\n<p class=\"prixe\" style=\"text-align: right;\">9,50\u20ac<\/p>\n<\/td>\n<\/tr>\n<\/tbody>\n<\/table>","protected":false},"excerpt":{"rendered":"<p>Arayess Pain libanais farci\u00a0\u00e0 la viande de b\u0153uf 8,50 \u20ac Kellege Pain libanais farci au fromage 7,50 \u20ac Sawda Foie de volailles, d\u00e9glac\u00e9e \u00e0 la m\u00e9lasse de grenade et coriandre 7,00 \u20ac Jaweneh Ailes de poulet flamb\u00e9es \u00e0 l\u2019ail et au citron 7,50 \u20ac Makanek (indisponible) Po\u00eal\u00e9e de petites saucisses de b\u0153uf citronn\u00e9 9,50 \u20ac [&hellip;]<\/p>","protected":false},"author":2,"featured_media":0,"parent":1180,"menu_order":0,"comment_status":"closed","ping_status":"open","template":"","meta":[],"aioseo_notices":[],"_links":{"self":[{"href":"https:\/\/restaurantehden.fr\/en\/wp-json\/wp\/v2\/pages\/60"}],"collection":[{"href":"https:\/\/restaurantehden.fr\/en\/wp-json\/wp\/v2\/pages"}],"about":[{"href":"https:\/\/restaurantehden.fr\/en\/wp-json\/wp\/v2\/types\/page"}],"author":[{"embeddable":true,"href":"https:\/\/restaurantehden.fr\/en\/wp-json\/wp\/v2\/users\/2"}],"replies":[{"embeddable":true,"href":"https:\/\/restaurantehden.fr\/en\/wp-json\/wp\/v2\/comments?post=60"}],"version-history":[{"count":3,"href":"https:\/\/restaurantehden.fr\/en\/wp-json\/wp\/v2\/pages\/60\/revisions"}],"predecessor-version":[{"id":2142,"href":"https:\/\/restaurantehden.fr\/en\/wp-json\/wp\/v2\/pages\/60\/revisions\/2142"}],"up":[{"embeddable":true,"href":"https:\/\/restaurantehden.fr\/en\/wp-json\/wp\/v2\/pages\/1180"}],"wp:attachment":[{"href":"https:\/\/restaurantehden.fr\/en\/wp-json\/wp\/v2\/media?parent=60"}],"curies":[{"name":"wp","href":"https:\/\/api.w.org\/{rel}","templated":true}]}}