{"id":62,"date":"2011-05-09T07:55:56","date_gmt":"2011-05-09T07:55:56","guid":{"rendered":"http:\/\/localhost\/ehden\/?page_id=62"},"modified":"2024-12-04T17:41:47","modified_gmt":"2024-12-04T16:41:47","slug":"plat-hors-doeuvre","status":"publish","type":"page","link":"https:\/\/restaurantehden.fr\/en\/menu-sur-place\/plat-hors-doeuvre\/","title":{"rendered":"Chawarma &#038; Grillades (\u00e0 partir de 18\u20ac)"},"content":{"rendered":"<table>\n<tbody>\n<tr>\n<td>\n<p><strong><span style=\"color: #4d1712; font-weight: bold;\">C\u00f4telettes d\u2019agneau (4 pi\u00e8ces)&nbsp;<\/span><\/strong><span style=\"font-size: inherit; font-family: inherit;\">servies avec hommos et taboul\u00e9 &nbsp; &nbsp; &nbsp; &nbsp; &nbsp; &nbsp; &nbsp; &nbsp; &nbsp; &nbsp; &nbsp; &nbsp; &nbsp; &nbsp; &nbsp; &nbsp;&nbsp;<\/span><\/p>\n<\/td>\n<\/tr>\n<tr>\n<td><span style=\"color: #4d1712; font-weight: bold;\">Chiche Taouk (2 brochettes) &nbsp; &nbsp; &nbsp; &nbsp; &nbsp; &nbsp; &nbsp; &nbsp;&nbsp;<\/span><br>Brochettes de poulet marin\u00e9 servis &nbsp;avec hommos et taboul\u00e9 &nbsp; &nbsp; &nbsp; &nbsp; &nbsp; &nbsp; &nbsp; &nbsp; &nbsp; &nbsp; &nbsp; &nbsp; &nbsp; &nbsp; &nbsp; &nbsp; &nbsp; &nbsp; &nbsp; &nbsp; &nbsp;&nbsp;<\/td>\n<\/tr>\n<tr>\n<td style=\"padding-left: 40px;\">\n<p><span style=\"color: #4d1712; font-weight: bold;\">Kafta Boeuf<\/span><\/p>\n<p>Brochettes de b\u0153uf hach\u00e9, grill\u00e9 servies avec hommos &amp; taboul\u00e9 &nbsp; &nbsp; &nbsp; &nbsp; &nbsp; &nbsp; &nbsp; &nbsp; &nbsp; &nbsp; &nbsp; &nbsp; &nbsp; &nbsp; &nbsp; &nbsp; &nbsp;&nbsp;<\/p>\n<\/td>\n<\/tr>\n<tr>\n<td><span style=\"color: #4d1712; font-weight: bold;\">Brochettes d&rsquo;agneau&nbsp;<\/span><br>Brochettes Duo de gigot d\u2019agneau grill\u00e9 servis avec hommos et taboul\u00e9 &nbsp; &nbsp; &nbsp; &nbsp; &nbsp; &nbsp; &nbsp; &nbsp; &nbsp; &nbsp; &nbsp; &nbsp; &nbsp;&nbsp;<\/td>\n<\/tr>\n<tr>\n<td><span style=\"color: #4d1712; font-weight: bold;\">Mash\u00e9w\u00e9 (kafta, taouk, agneau)<\/span><br>Trio de Grillades servies avec hommos, caviar d&rsquo;aubergines et taboul\u00e9 &nbsp; &nbsp; &nbsp; &nbsp; &nbsp; &nbsp; &nbsp; &nbsp; &nbsp; &nbsp; &nbsp; &nbsp; &nbsp;<\/td>\n<\/tr>\n<tr>\n<td><span style=\"color: #4d1712; font-weight: bold;\">shawarma beef<\/span><br>\u00c9minc\u00e9s de b\u0153uf, brais\u00e9s au petit feu servis avec hommos et taboul\u00e9 &nbsp; &nbsp; &nbsp; &nbsp; &nbsp; &nbsp; &nbsp; &nbsp; &nbsp; &nbsp; &nbsp; &nbsp; &nbsp; &nbsp;&nbsp;<\/td>\n<\/tr>\n<tr>\n<td>\n<div class=\"boxa\"><span style=\"color: #4d1712; font-weight: bold;\"><strong>shawarma chicken dish<\/strong><\/span><\/div>\n<div class=\"boxa\">\u00c9minc\u00e9s de poulet, brais\u00e9s au petit feu servis avec hommos et taboul\u00e9 &nbsp; &nbsp; &nbsp; &nbsp; &nbsp; &nbsp; &nbsp; &nbsp; &nbsp; &nbsp; &nbsp; &nbsp;<\/div>\n<\/td>\n<\/tr>\n<tr>\n<td>\n<div class=\"boxa\"><span style=\"color: #4d1712; font-weight: bold;\"><strong>1\/2 Poulet grill\u00e9<\/strong><\/span><\/div>\n<div class=\"boxa\">Blanc de poulet marin\u00e9 aux citrons, \u00e0 l&rsquo;ail et aux herbes servi avec caviar d\u2019aubergines&nbsp;<\/div>\n<div class=\"boxa\">et taboul\u00e9 <span style=\"font-family: inherit; font-size: inherit;\">&nbsp; &nbsp; &nbsp; &nbsp; &nbsp; &nbsp; &nbsp; &nbsp; &nbsp; &nbsp; &nbsp; &nbsp; &nbsp; &nbsp; &nbsp; &nbsp; &nbsp; &nbsp; &nbsp; &nbsp; &nbsp; &nbsp; &nbsp; &nbsp; &nbsp; &nbsp; &nbsp; &nbsp; &nbsp; &nbsp; &nbsp; &nbsp; &nbsp; &nbsp; &nbsp; &nbsp; &nbsp; &nbsp; &nbsp; &nbsp; &nbsp; &nbsp; &nbsp; &nbsp; &nbsp; &nbsp; &nbsp; &nbsp; &nbsp; &nbsp; &nbsp; &nbsp; &nbsp; &nbsp; &nbsp; &nbsp; &nbsp; &nbsp;<\/span><\/div>\n<\/td>\n<\/tr>\n<\/tbody>\n<\/table>\n<div class=\"boxa\">&nbsp;<\/div>\n<div class=\"boxa\"><b>Nb: Tous nos plats sont accompagn\u00e9s de bl\u00e9, riz ou pommes de terres<\/b><\/div>\n\n\n<p><\/p>","protected":false},"excerpt":{"rendered":"<p>C\u00f4telettes d\u2019agneau (4 pi\u00e8ces)&nbsp;servies avec hommos et taboul\u00e9 &nbsp; &nbsp; &nbsp; &nbsp; &nbsp; &nbsp; &nbsp; &nbsp; &nbsp; &nbsp; &nbsp; &nbsp; &nbsp; &nbsp; &nbsp; &nbsp;&nbsp; Chiche Taouk (2 brochettes) &nbsp; &nbsp; &nbsp; &nbsp; &nbsp; &nbsp; &nbsp; &nbsp;&nbsp;Brochettes de poulet marin\u00e9 servis &nbsp;avec hommos et taboul\u00e9 &nbsp; &nbsp; &nbsp; &nbsp; &nbsp; &nbsp; &nbsp; &nbsp; &nbsp; &nbsp; &nbsp; [&hellip;]<\/p>","protected":false},"author":2,"featured_media":0,"parent":1180,"menu_order":0,"comment_status":"closed","ping_status":"open","template":"","meta":[],"aioseo_notices":[],"_links":{"self":[{"href":"https:\/\/restaurantehden.fr\/en\/wp-json\/wp\/v2\/pages\/62"}],"collection":[{"href":"https:\/\/restaurantehden.fr\/en\/wp-json\/wp\/v2\/pages"}],"about":[{"href":"https:\/\/restaurantehden.fr\/en\/wp-json\/wp\/v2\/types\/page"}],"author":[{"embeddable":true,"href":"https:\/\/restaurantehden.fr\/en\/wp-json\/wp\/v2\/users\/2"}],"replies":[{"embeddable":true,"href":"https:\/\/restaurantehden.fr\/en\/wp-json\/wp\/v2\/comments?post=62"}],"version-history":[{"count":3,"href":"https:\/\/restaurantehden.fr\/en\/wp-json\/wp\/v2\/pages\/62\/revisions"}],"predecessor-version":[{"id":2152,"href":"https:\/\/restaurantehden.fr\/en\/wp-json\/wp\/v2\/pages\/62\/revisions\/2152"}],"up":[{"embeddable":true,"href":"https:\/\/restaurantehden.fr\/en\/wp-json\/wp\/v2\/pages\/1180"}],"wp:attachment":[{"href":"https:\/\/restaurantehden.fr\/en\/wp-json\/wp\/v2\/media?parent=62"}],"curies":[{"name":"wp","href":"https:\/\/api.w.org\/{rel}","templated":true}]}}