{"id":67,"date":"2011-05-09T07:58:12","date_gmt":"2011-05-09T07:58:12","guid":{"rendered":"http:\/\/localhost\/ehden\/?page_id=67"},"modified":"2024-12-04T17:34:35","modified_gmt":"2024-12-04T16:34:35","slug":"mezzes","status":"publish","type":"page","link":"https:\/\/restaurantehden.fr\/en\/menu-sur-place\/mezzes\/","title":{"rendered":"Mezz\u00e9 Extra (Viande &#038; v\u00e9g\u00e9tarien)"},"content":{"rendered":"<table>\n<tbody>\n<tr>\n<td><strong>Mezz\u00e9s pour 2 personnes<\/strong> (8 mezz\u00e9s froids et chauds)<\/td>\n<td style=\"text-align: right;\">\u20ac<\/td>\n<\/tr>\n<tr>\n<td><strong>Mezz\u00e9s pour 3 personnes<\/strong> (10 mezz\u00e9s froids et chauds)<\/td>\n<td style=\"text-align: right;\">\u20ac<\/td>\n<\/tr>\n<tr>\n<td><strong>Mezz\u00e9s pour 4 personnes<\/strong> (12 mezz\u00e9s froids et chauds)<\/td>\n<td style=\"text-align: right;\">\u20ac<\/td>\n<\/tr>\n<tr>\n<td><strong>Mezz\u00e9s pour 5 personnes<\/strong> (14 mezz\u00e9s froids et chauds)<\/td>\n<td style=\"text-align: right;\">\u20ac<\/td>\n<\/tr>\n<tr>\n<td><strong>Mezz\u00e9s pour 6 personnes<\/strong> (16 mezz\u00e9s froids et chauds)<\/td>\n<td style=\"text-align: right;\">\u00a0\u20ac<\/td>\n<\/tr>\n<\/tbody>\n<\/table>\n<p style=\"text-align: center;\"><b><i>Mezz\u00e9 Royal<\/i><\/b><\/p>\n<table>\n<tbody>\n<tr>\n<td><strong>Pour 2 personnes (8\u00a0Mezz\u00e9s et 4 brochettes Kafta B\u0153uf ou Taouk Poulet)\u00a0<\/strong><\/td>\n<td style=\"text-align: right;\"><strong>\u20ac<\/strong><\/td>\n<\/tr>\n<\/tbody>\n<\/table>\n\n\n<figure class=\"wp-block-table\"><table><tbody><tr><td><strong>Pour 3 personnes (8&nbsp;Mezz\u00e9s et 6 brochettes Kafta B\u0153uf ou Taouk Poulet)&nbsp;<\/strong><\/td><td>\u20ac<\/td><\/tr><\/tbody><\/table><\/figure>\n\n\n\n<figure class=\"wp-block-table\"><table><tbody><tr><td><strong>Pour 4 personnes (8&nbsp;Mezz\u00e9s et 4 brochettes Kafta B\u0153uf ou Taouk Poulet)&nbsp;<\/strong><\/td><td>\u20ac<\/td><\/tr><\/tbody><\/table><\/figure>\n\n\n\n<p><\/p>","protected":false},"excerpt":{"rendered":"<p>Mezz\u00e9s pour 2 personnes (8 mezz\u00e9s froids et chauds) \u20ac Mezz\u00e9s pour 3 personnes (10 mezz\u00e9s froids et chauds) \u20ac Mezz\u00e9s pour 4 personnes (12 mezz\u00e9s froids et chauds) \u20ac Mezz\u00e9s pour 5 personnes (14 mezz\u00e9s froids et chauds) \u20ac Mezz\u00e9s pour 6 personnes (16 mezz\u00e9s froids et chauds) \u00a0\u20ac Mezz\u00e9 Royal Pour 2 personnes [&hellip;]<\/p>","protected":false},"author":2,"featured_media":0,"parent":1180,"menu_order":0,"comment_status":"closed","ping_status":"open","template":"","meta":[],"aioseo_notices":[],"_links":{"self":[{"href":"https:\/\/restaurantehden.fr\/en\/wp-json\/wp\/v2\/pages\/67"}],"collection":[{"href":"https:\/\/restaurantehden.fr\/en\/wp-json\/wp\/v2\/pages"}],"about":[{"href":"https:\/\/restaurantehden.fr\/en\/wp-json\/wp\/v2\/types\/page"}],"author":[{"embeddable":true,"href":"https:\/\/restaurantehden.fr\/en\/wp-json\/wp\/v2\/users\/2"}],"replies":[{"embeddable":true,"href":"https:\/\/restaurantehden.fr\/en\/wp-json\/wp\/v2\/comments?post=67"}],"version-history":[{"count":3,"href":"https:\/\/restaurantehden.fr\/en\/wp-json\/wp\/v2\/pages\/67\/revisions"}],"predecessor-version":[{"id":2146,"href":"https:\/\/restaurantehden.fr\/en\/wp-json\/wp\/v2\/pages\/67\/revisions\/2146"}],"up":[{"embeddable":true,"href":"https:\/\/restaurantehden.fr\/en\/wp-json\/wp\/v2\/pages\/1180"}],"wp:attachment":[{"href":"https:\/\/restaurantehden.fr\/en\/wp-json\/wp\/v2\/media?parent=67"}],"curies":[{"name":"wp","href":"https:\/\/api.w.org\/{rel}","templated":true}]}}